{"id":79,"date":"2024-04-15T07:10:27","date_gmt":"2024-04-15T05:10:27","guid":{"rendered":"https:\/\/flodesaintbau.fr\/?post_type=product&#038;p=79"},"modified":"2025-12-07T15:28:03","modified_gmt":"2025-12-07T14:28:03","slug":"sac-de-test","status":"publish","type":"product","link":"https:\/\/flodesaintbau.fr\/index.php\/produit\/sac-de-test\/","title":{"rendered":"L&rsquo;El\u00e9gant"},"content":{"rendered":"<p>On a toujours besoin d\u2019un grand sac !<\/p>\n<p>Mais, parce que avoir un grand sac ne doit pas vouloir dire passer sa vie \u00e0 fouiller pour trouver ses affaires, celui-ci propose trois compartiments bien s\u00e9par\u00e9s dont une grande poche centrale zipp\u00e9e.<\/p>\n<p>Et parce que on aime avoir sous la main ses papiers, sa CB et son t\u00e9l\u00e9phone, une pochette bien pratique s\u2019y cache. Elle poss\u00e8de une dragonne en cuir qui permettra de l\u2019accrocher \u00e0 la patte pressionn\u00e9e situ\u00e9e \u00e0 l\u2019int\u00e9rieur du sac ou de la glisser autour de votre poignet pour aller faire une petite course.<\/p>\n<p>Des anses en cuir rivet\u00e9es finiront \u00e9l\u00e9gamment le sac.<\/p>\n<p>Un m\u00e9lange de simili cuir bleu et de tissu g\u00e9om\u00e9trique mordor\u00e9, un int\u00e9rieur en toile \u00e0 sac et tissu japonais, une pochette assortie et toujours des anses en cuir&#8230; L&rsquo;El\u00e9gant est un tr\u00e8s beau sac cabas grande capacit\u00e9&#8230;<\/p>\n","protected":false},"excerpt":{"rendered":"<p>Description courte<\/p>\n","protected":false},"featured_media":575,"comment_status":"open","ping_status":"closed","template":"","meta":[],"product_cat":[18],"product_tag":[],"class_list":{"0":"post-79","1":"product","2":"type-product","3":"status-publish","4":"has-post-thumbnail","6":"product_cat-sac-cabas","7":"entry","9":"first","10":"instock","11":"sale","12":"shipping-taxable","13":"purchasable","14":"product-type-simple"},"jetpack_sharing_enabled":true,"_links":{"self":[{"href":"https:\/\/flodesaintbau.fr\/index.php\/wp-json\/wp\/v2\/product\/79","targetHints":{"allow":["GET"]}}],"collection":[{"href":"https:\/\/flodesaintbau.fr\/index.php\/wp-json\/wp\/v2\/product"}],"about":[{"href":"https:\/\/flodesaintbau.fr\/index.php\/wp-json\/wp\/v2\/types\/product"}],"replies":[{"embeddable":true,"href":"https:\/\/flodesaintbau.fr\/index.php\/wp-json\/wp\/v2\/comments?post=79"}],"wp:featuredmedia":[{"embeddable":true,"href":"https:\/\/flodesaintbau.fr\/index.php\/wp-json\/wp\/v2\/media\/575"}],"wp:attachment":[{"href":"https:\/\/flodesaintbau.fr\/index.php\/wp-json\/wp\/v2\/media?parent=79"}],"wp:term":[{"taxonomy":"product_cat","embeddable":true,"href":"https:\/\/flodesaintbau.fr\/index.php\/wp-json\/wp\/v2\/product_cat?post=79"},{"taxonomy":"product_tag","embeddable":true,"href":"https:\/\/flodesaintbau.fr\/index.php\/wp-json\/wp\/v2\/product_tag?post=79"}],"curies":[{"name":"wp","href":"https:\/\/api.w.org\/{rel}","templated":true}]}}