{"id":554,"date":"2024-05-20T16:02:27","date_gmt":"2024-05-20T14:02:27","guid":{"rendered":"https:\/\/flodesaintbau.fr\/?post_type=product&#038;p=554"},"modified":"2025-04-04T06:37:37","modified_gmt":"2025-04-04T04:37:37","slug":"le-pile-ou-face","status":"publish","type":"product","link":"https:\/\/flodesaintbau.fr\/index.php\/produit\/le-pile-ou-face\/","title":{"rendered":"Le Pile ou Face"},"content":{"rendered":"<p>Le grand classique, qu\u2019on peut tra\u00eener partout\u2026 Le Tote Bag ici sera toujours dans des mati\u00e8res de qualit\u00e9, doubl\u00e9, avec une poche int\u00e9rieure zipp\u00e9e.<\/p>\n<p>Cot\u00e9 pile : du jean upcycl\u00e9, cot\u00e9 face : un joli simili bleu, des anses qui jouent aussi sur les apparences et une doublure color\u00e9e&#8230;.. Le Pile ou Face est un tote bag qui a du pep&rsquo;s !<\/p>\n<p>dimensions approximatives : larg 30 cm haut 34 cm prof 10 cm<\/p>\n<p>&nbsp;<\/p>\n","protected":false},"excerpt":{"rendered":"<p>Le grand classique, qu\u2019on peut tra\u00eener partout\u2026 Le Tote Bag ici sera toujours dans des mati\u00e8res de qualit\u00e9, doubl\u00e9, avec une poche int\u00e9rieure zipp\u00e9e. Cot\u00e9 pile : du jean upcycl\u00e9, cot\u00e9 face : un joli simili bleu, des anses qui jouent aussi sur les apparences et une doublure color\u00e9e&#8230;.. Le Pile ou Face est un&hellip; <a class=\"more-link\" href=\"https:\/\/flodesaintbau.fr\/index.php\/produit\/le-pile-ou-face\/\">Poursuivre la lecture <span class=\"screen-reader-text\">Le Pile ou Face<\/span><\/a><\/p>\n","protected":false},"featured_media":555,"comment_status":"open","ping_status":"closed","template":"","meta":[],"product_cat":[21],"product_tag":[],"class_list":{"0":"post-554","1":"product","2":"type-product","3":"status-publish","4":"has-post-thumbnail","6":"product_cat-le-tote-bag","7":"entry","9":"first","10":"instock","11":"sale","12":"shipping-taxable","13":"purchasable","14":"product-type-simple"},"jetpack_sharing_enabled":true,"_links":{"self":[{"href":"https:\/\/flodesaintbau.fr\/index.php\/wp-json\/wp\/v2\/product\/554","targetHints":{"allow":["GET"]}}],"collection":[{"href":"https:\/\/flodesaintbau.fr\/index.php\/wp-json\/wp\/v2\/product"}],"about":[{"href":"https:\/\/flodesaintbau.fr\/index.php\/wp-json\/wp\/v2\/types\/product"}],"replies":[{"embeddable":true,"href":"https:\/\/flodesaintbau.fr\/index.php\/wp-json\/wp\/v2\/comments?post=554"}],"wp:featuredmedia":[{"embeddable":true,"href":"https:\/\/flodesaintbau.fr\/index.php\/wp-json\/wp\/v2\/media\/555"}],"wp:attachment":[{"href":"https:\/\/flodesaintbau.fr\/index.php\/wp-json\/wp\/v2\/media?parent=554"}],"wp:term":[{"taxonomy":"product_cat","embeddable":true,"href":"https:\/\/flodesaintbau.fr\/index.php\/wp-json\/wp\/v2\/product_cat?post=554"},{"taxonomy":"product_tag","embeddable":true,"href":"https:\/\/flodesaintbau.fr\/index.php\/wp-json\/wp\/v2\/product_tag?post=554"}],"curies":[{"name":"wp","href":"https:\/\/api.w.org\/{rel}","templated":true}]}}