{"id":2518,"date":"2025-12-02T16:32:01","date_gmt":"2025-12-02T15:32:01","guid":{"rendered":"https:\/\/flodesaintbau.fr\/?post_type=product&#038;p=2518"},"modified":"2025-12-02T16:32:01","modified_gmt":"2025-12-02T15:32:01","slug":"pochette-a-livre-ou-a-liseuse","status":"publish","type":"product","link":"https:\/\/flodesaintbau.fr\/index.php\/produit\/pochette-a-livre-ou-a-liseuse\/","title":{"rendered":"Pochette \u00e0 livre ou \u00e0 liseuse"},"content":{"rendered":"<p>Lorsqu&rsquo;on transporte un livre, il y a toujours le risque de l&rsquo;abimer&#8230; La solution est la pochette \u00e0 livre qui laissera vos livres \u00e0 l&rsquo;abri; Et comme ell est matelass\u00e9e, elle pourra aussi prot\u00e9ger votre liseuse !<\/p>\n<p>C&rsquo;est le principe de l&rsquo;Upcycling, chaque mod\u00e8le est unique ! N&rsquo;h\u00e9sitez pas \u00e0 me demander si vous avez un souhait particulier.<\/p>\n<p>La taille et le double boutonnage permettent d&rsquo;y loger un livre de poche ou un livre de taille maximale de 15 x 22 cm.<\/p>\n","protected":false},"excerpt":{"rendered":"<p>Lorsqu&rsquo;on transporte un livre, il y a toujours le risque de l&rsquo;abimer&#8230; La solution est la pochette \u00e0 livre qui laissera vos livres \u00e0 l&rsquo;abri; Et comme ell est matelass\u00e9e, elle pourra aussi prot\u00e9ger votre liseuse ! C&rsquo;est le principe de l&rsquo;Upcycling, chaque mod\u00e8le est unique ! N&rsquo;h\u00e9sitez pas \u00e0 me demander si vous avez&hellip; <a class=\"more-link\" href=\"https:\/\/flodesaintbau.fr\/index.php\/produit\/pochette-a-livre-ou-a-liseuse\/\">Poursuivre la lecture <span class=\"screen-reader-text\">Pochette \u00e0 livre ou \u00e0 liseuse<\/span><\/a><\/p>\n","protected":false},"featured_media":2520,"comment_status":"open","ping_status":"closed","template":"","meta":[],"product_cat":[40,38],"product_tag":[],"class_list":{"0":"post-2518","1":"product","2":"type-product","3":"status-publish","4":"has-post-thumbnail","6":"product_cat-nouveau","7":"product_cat-upcycling","8":"entry","10":"first","11":"instock","12":"shipping-taxable","13":"purchasable","14":"product-type-variable"},"jetpack_sharing_enabled":true,"_links":{"self":[{"href":"https:\/\/flodesaintbau.fr\/index.php\/wp-json\/wp\/v2\/product\/2518","targetHints":{"allow":["GET"]}}],"collection":[{"href":"https:\/\/flodesaintbau.fr\/index.php\/wp-json\/wp\/v2\/product"}],"about":[{"href":"https:\/\/flodesaintbau.fr\/index.php\/wp-json\/wp\/v2\/types\/product"}],"replies":[{"embeddable":true,"href":"https:\/\/flodesaintbau.fr\/index.php\/wp-json\/wp\/v2\/comments?post=2518"}],"wp:featuredmedia":[{"embeddable":true,"href":"https:\/\/flodesaintbau.fr\/index.php\/wp-json\/wp\/v2\/media\/2520"}],"wp:attachment":[{"href":"https:\/\/flodesaintbau.fr\/index.php\/wp-json\/wp\/v2\/media?parent=2518"}],"wp:term":[{"taxonomy":"product_cat","embeddable":true,"href":"https:\/\/flodesaintbau.fr\/index.php\/wp-json\/wp\/v2\/product_cat?post=2518"},{"taxonomy":"product_tag","embeddable":true,"href":"https:\/\/flodesaintbau.fr\/index.php\/wp-json\/wp\/v2\/product_tag?post=2518"}],"curies":[{"name":"wp","href":"https:\/\/api.w.org\/{rel}","templated":true}]}}