{"id":2476,"date":"2025-07-11T06:11:37","date_gmt":"2025-07-11T04:11:37","guid":{"rendered":"https:\/\/flodesaintbau.fr\/?post_type=product&#038;p=2476"},"modified":"2025-07-11T06:11:37","modified_gmt":"2025-07-11T04:11:37","slug":"le-blue-lagoon","status":"publish","type":"product","link":"https:\/\/flodesaintbau.fr\/index.php\/produit\/le-blue-lagoon\/","title":{"rendered":"Le Blue Lagoon"},"content":{"rendered":"<p>Un petit pratique\u00a0 sac qui a du pep&rsquo;s pour cet \u00e9t\u00e9 !!!<\/p>\n<p>Ce sac \u00ab\u00a0Blue Lagoon\u00a0\u00bb a la taille id\u00e9ale pour y caser tout ce dont on a besoin sans \u00eatre trop grand . La doublure en tissu japonais, la poche plaqu\u00e9e int\u00e9rieure assortie et la sangle r\u00e9glable\u00a0 viennent parfaire le tout. Il est r\u00e9alis\u00e9 dans le similicuir outdoor turquoise de chez La Mercerie des Cr\u00e9ateurs, un simili qui a toute la beaut\u00e9 du cuir : un grain d\u00e9licat et un touch\u00e9 souple.<\/p>\n<p>&nbsp;<\/p>\n<p>dimensions : largeur 30 cm hauteur 22 cm profondeur 10 cm<\/p>\n<p>les articles \u00e9tant tous faits \u00e0 la main, les dimensions peuvent varier l\u00e9g\u00e8reme<\/p>\n","protected":false},"excerpt":{"rendered":"<p>Un petit pratique\u00a0 sac qui a du pep&rsquo;s pour cet \u00e9t\u00e9 !!! Ce sac \u00ab\u00a0Blue Lagoon\u00a0\u00bb a la taille id\u00e9ale pour y caser tout ce dont on a besoin sans \u00eatre trop grand . La doublure en tissu japonais, la poche plaqu\u00e9e int\u00e9rieure assortie et la sangle r\u00e9glable\u00a0 viennent parfaire le tout. Il est r\u00e9alis\u00e9&hellip; <a class=\"more-link\" href=\"https:\/\/flodesaintbau.fr\/index.php\/produit\/le-blue-lagoon\/\">Poursuivre la lecture <span class=\"screen-reader-text\">Le Blue Lagoon<\/span><\/a><\/p>\n","protected":false},"featured_media":2469,"comment_status":"open","ping_status":"closed","template":"","meta":[],"product_cat":[40,23],"product_tag":[],"class_list":{"0":"post-2476","1":"product","2":"type-product","3":"status-publish","4":"has-post-thumbnail","6":"product_cat-nouveau","7":"product_cat-sac-a-main","8":"entry","10":"first","11":"instock","12":"shipping-taxable","13":"purchasable","14":"product-type-simple"},"jetpack_sharing_enabled":true,"_links":{"self":[{"href":"https:\/\/flodesaintbau.fr\/index.php\/wp-json\/wp\/v2\/product\/2476","targetHints":{"allow":["GET"]}}],"collection":[{"href":"https:\/\/flodesaintbau.fr\/index.php\/wp-json\/wp\/v2\/product"}],"about":[{"href":"https:\/\/flodesaintbau.fr\/index.php\/wp-json\/wp\/v2\/types\/product"}],"replies":[{"embeddable":true,"href":"https:\/\/flodesaintbau.fr\/index.php\/wp-json\/wp\/v2\/comments?post=2476"}],"wp:featuredmedia":[{"embeddable":true,"href":"https:\/\/flodesaintbau.fr\/index.php\/wp-json\/wp\/v2\/media\/2469"}],"wp:attachment":[{"href":"https:\/\/flodesaintbau.fr\/index.php\/wp-json\/wp\/v2\/media?parent=2476"}],"wp:term":[{"taxonomy":"product_cat","embeddable":true,"href":"https:\/\/flodesaintbau.fr\/index.php\/wp-json\/wp\/v2\/product_cat?post=2476"},{"taxonomy":"product_tag","embeddable":true,"href":"https:\/\/flodesaintbau.fr\/index.php\/wp-json\/wp\/v2\/product_tag?post=2476"}],"curies":[{"name":"wp","href":"https:\/\/api.w.org\/{rel}","templated":true}]}}