{"id":2360,"date":"2025-04-07T21:10:44","date_gmt":"2025-04-07T19:10:44","guid":{"rendered":"https:\/\/flodesaintbau.fr\/?post_type=product&#038;p=2360"},"modified":"2025-07-11T06:38:09","modified_gmt":"2025-07-11T04:38:09","slug":"sac-hippie","status":"publish","type":"product","link":"https:\/\/flodesaintbau.fr\/index.php\/produit\/sac-hippie\/","title":{"rendered":"Sac hippie"},"content":{"rendered":"<p>Un sac Upcycl\u00e9 qui va donner un c\u00f4t\u00e9 seventies \u00e0 vos vacances.<\/p>\n<p>Bandouli\u00e8re r\u00e9glable.<\/p>\n<p>Dimensions : hauteur 24 cm largeur 30 cm<\/p>\n<p>&nbsp;<\/p>\n","protected":false},"excerpt":{"rendered":"<p>Un sac Upcycl\u00e9 qui va donner un c\u00f4t\u00e9 seventies \u00e0 vos vacances. Bandouli\u00e8re r\u00e9glable. Dimensions : hauteur 24 cm largeur 30 cm &nbsp;<\/p>\n","protected":false},"featured_media":2363,"comment_status":"open","ping_status":"closed","template":"","meta":[],"product_cat":[38],"product_tag":[],"class_list":{"0":"post-2360","1":"product","2":"type-product","3":"status-publish","4":"has-post-thumbnail","6":"product_cat-upcycling","7":"entry","9":"first","10":"instock","11":"shipping-taxable","12":"purchasable","13":"product-type-simple"},"jetpack_sharing_enabled":true,"_links":{"self":[{"href":"https:\/\/flodesaintbau.fr\/index.php\/wp-json\/wp\/v2\/product\/2360","targetHints":{"allow":["GET"]}}],"collection":[{"href":"https:\/\/flodesaintbau.fr\/index.php\/wp-json\/wp\/v2\/product"}],"about":[{"href":"https:\/\/flodesaintbau.fr\/index.php\/wp-json\/wp\/v2\/types\/product"}],"replies":[{"embeddable":true,"href":"https:\/\/flodesaintbau.fr\/index.php\/wp-json\/wp\/v2\/comments?post=2360"}],"wp:featuredmedia":[{"embeddable":true,"href":"https:\/\/flodesaintbau.fr\/index.php\/wp-json\/wp\/v2\/media\/2363"}],"wp:attachment":[{"href":"https:\/\/flodesaintbau.fr\/index.php\/wp-json\/wp\/v2\/media?parent=2360"}],"wp:term":[{"taxonomy":"product_cat","embeddable":true,"href":"https:\/\/flodesaintbau.fr\/index.php\/wp-json\/wp\/v2\/product_cat?post=2360"},{"taxonomy":"product_tag","embeddable":true,"href":"https:\/\/flodesaintbau.fr\/index.php\/wp-json\/wp\/v2\/product_tag?post=2360"}],"curies":[{"name":"wp","href":"https:\/\/api.w.org\/{rel}","templated":true}]}}