{"id":2351,"date":"2025-04-07T21:23:04","date_gmt":"2025-04-07T19:23:04","guid":{"rendered":"https:\/\/flodesaintbau.fr\/?post_type=product&#038;p=2351"},"modified":"2025-07-11T06:37:23","modified_gmt":"2025-07-11T04:37:23","slug":"petit-sac-bandouliere","status":"publish","type":"product","link":"https:\/\/flodesaintbau.fr\/index.php\/produit\/petit-sac-bandouliere\/","title":{"rendered":"Petit sac bandouli\u00e8re"},"content":{"rendered":"<p>Le petit sac bandouli\u00e8re bien pratique&#8230;.ni trop grand ni trop petit, vous pouvez y glisser l&rsquo;indispensable pour vos sorties et avoir tout \u00e0 port\u00e9e de main.<\/p>\n<p>Cette s\u00e9rie est enti\u00e8rement r\u00e9alis\u00e9e en mode \u00ab\u00a0uprcycling\u00a0\u00bb, de quoi avoir des mod\u00e8les uniques et originaux !<\/p>\n<p>&nbsp;<\/p>\n","protected":false},"excerpt":{"rendered":"<p>Le petit sac bandouli\u00e8re bien pratique&#8230;.ni trop grand ni trop petit, vous pouvez y glisser l&rsquo;indispensable pour vos sorties et avoir tout \u00e0 port\u00e9e de main. Cette s\u00e9rie est enti\u00e8rement r\u00e9alis\u00e9e en mode \u00ab\u00a0uprcycling\u00a0\u00bb, de quoi avoir des mod\u00e8les uniques et originaux ! &nbsp;<\/p>\n","protected":false},"featured_media":2352,"comment_status":"open","ping_status":"closed","template":"","meta":[],"product_cat":[38],"product_tag":[],"class_list":{"0":"post-2351","1":"product","2":"type-product","3":"status-publish","4":"has-post-thumbnail","6":"product_cat-upcycling","7":"entry","9":"first","10":"instock","11":"shipping-taxable","12":"purchasable","13":"product-type-variable"},"jetpack_sharing_enabled":true,"_links":{"self":[{"href":"https:\/\/flodesaintbau.fr\/index.php\/wp-json\/wp\/v2\/product\/2351","targetHints":{"allow":["GET"]}}],"collection":[{"href":"https:\/\/flodesaintbau.fr\/index.php\/wp-json\/wp\/v2\/product"}],"about":[{"href":"https:\/\/flodesaintbau.fr\/index.php\/wp-json\/wp\/v2\/types\/product"}],"replies":[{"embeddable":true,"href":"https:\/\/flodesaintbau.fr\/index.php\/wp-json\/wp\/v2\/comments?post=2351"}],"wp:featuredmedia":[{"embeddable":true,"href":"https:\/\/flodesaintbau.fr\/index.php\/wp-json\/wp\/v2\/media\/2352"}],"wp:attachment":[{"href":"https:\/\/flodesaintbau.fr\/index.php\/wp-json\/wp\/v2\/media?parent=2351"}],"wp:term":[{"taxonomy":"product_cat","embeddable":true,"href":"https:\/\/flodesaintbau.fr\/index.php\/wp-json\/wp\/v2\/product_cat?post=2351"},{"taxonomy":"product_tag","embeddable":true,"href":"https:\/\/flodesaintbau.fr\/index.php\/wp-json\/wp\/v2\/product_tag?post=2351"}],"curies":[{"name":"wp","href":"https:\/\/api.w.org\/{rel}","templated":true}]}}