{"id":2305,"date":"2025-04-07T19:14:07","date_gmt":"2025-04-07T17:14:07","guid":{"rendered":"https:\/\/flodesaintbau.fr\/?post_type=product&#038;p=2305"},"modified":"2025-07-20T15:56:29","modified_gmt":"2025-07-20T13:56:29","slug":"ensemble-sac-shopping","status":"publish","type":"product","link":"https:\/\/flodesaintbau.fr\/index.php\/produit\/ensemble-sac-shopping\/","title":{"rendered":"Ensemble sac shopping"},"content":{"rendered":"<p>Le sac de bonne contenance pour y loger toutes les petites trouvailles que vous ferez sur les march\u00e9s de cr\u00e9ateurs de cet \u00e9t\u00e9 &#8230;.<\/p>\n<p>Le sac shopping poss\u00e8de un petit mousqueton int\u00e9rieur pour y accrocher vos cl\u00e9s et ainsi ne pas passer un temps fou \u00e0 les chercher ; il est \u00e9galement fourni avec un porte-monnaie et une pochette qui pourra accueillir vos papiers, votre t\u00e9l\u00e9phone, etc&#8230;<\/p>\n<p>Et en plus, il existe dans des divers imprim\u00e9s : des tissus japonais ou polyn\u00e9sien&#8230; de quoi vous faire croire que vous \u00eates d\u00e9j\u00e0 en vacances !!!!<\/p>\n<p>&nbsp;<\/p>\n<p>Taille : largeur 45 cm hauteur 32 cm profondeur 10 cm<\/p>\n","protected":false},"excerpt":{"rendered":"<p>Le sac de bonne contenance pour y loger toutes les petites trouvailles que vous ferez sur les march\u00e9s de cr\u00e9ateurs de cet \u00e9t\u00e9 &#8230;. Le sac shopping poss\u00e8de un petit mousqueton int\u00e9rieur pour y accrocher vos cl\u00e9s et ainsi ne pas passer un temps fou \u00e0 les chercher ; il est \u00e9galement fourni avec un&hellip; <a class=\"more-link\" href=\"https:\/\/flodesaintbau.fr\/index.php\/produit\/ensemble-sac-shopping\/\">Poursuivre la lecture <span class=\"screen-reader-text\">Ensemble sac shopping<\/span><\/a><\/p>\n","protected":false},"featured_media":2277,"comment_status":"open","ping_status":"closed","template":"","meta":[],"product_cat":[40,18],"product_tag":[],"class_list":{"0":"post-2305","1":"product","2":"type-product","3":"status-publish","4":"has-post-thumbnail","6":"product_cat-nouveau","7":"product_cat-sac-cabas","8":"entry","10":"first","11":"instock","12":"shipping-taxable","13":"purchasable","14":"product-type-variable"},"jetpack_sharing_enabled":true,"_links":{"self":[{"href":"https:\/\/flodesaintbau.fr\/index.php\/wp-json\/wp\/v2\/product\/2305","targetHints":{"allow":["GET"]}}],"collection":[{"href":"https:\/\/flodesaintbau.fr\/index.php\/wp-json\/wp\/v2\/product"}],"about":[{"href":"https:\/\/flodesaintbau.fr\/index.php\/wp-json\/wp\/v2\/types\/product"}],"replies":[{"embeddable":true,"href":"https:\/\/flodesaintbau.fr\/index.php\/wp-json\/wp\/v2\/comments?post=2305"}],"wp:featuredmedia":[{"embeddable":true,"href":"https:\/\/flodesaintbau.fr\/index.php\/wp-json\/wp\/v2\/media\/2277"}],"wp:attachment":[{"href":"https:\/\/flodesaintbau.fr\/index.php\/wp-json\/wp\/v2\/media?parent=2305"}],"wp:term":[{"taxonomy":"product_cat","embeddable":true,"href":"https:\/\/flodesaintbau.fr\/index.php\/wp-json\/wp\/v2\/product_cat?post=2305"},{"taxonomy":"product_tag","embeddable":true,"href":"https:\/\/flodesaintbau.fr\/index.php\/wp-json\/wp\/v2\/product_tag?post=2305"}],"curies":[{"name":"wp","href":"https:\/\/api.w.org\/{rel}","templated":true}]}}