{"id":2250,"date":"2025-04-07T18:03:11","date_gmt":"2025-04-07T16:03:11","guid":{"rendered":"https:\/\/flodesaintbau.fr\/?post_type=product&#038;p=2250"},"modified":"2025-07-17T06:13:50","modified_gmt":"2025-07-17T04:13:50","slug":"sac-marche","status":"publish","type":"product","link":"https:\/\/flodesaintbau.fr\/index.php\/produit\/sac-marche\/","title":{"rendered":"Sac march\u00e9"},"content":{"rendered":"<p>Le sac super sympa pour aller au march\u00e9 ou se promener au bord de la plage cet \u00e9t\u00e9&#8230;. ou pourquoi pas, se promener dans un march\u00e9 de cr\u00e9ateurs !!!<\/p>\n<p>C&rsquo;est un sac cabas port\u00e9 main, en total upcycling qui a un petit c\u00f4t\u00e9 vintage dans l&rsquo;air du temps.<\/p>\n","protected":false},"excerpt":{"rendered":"<p>Le sac super sympa pour aller au march\u00e9 ou se promener au bord de la plage cet \u00e9t\u00e9&#8230;. ou pourquoi pas, se promener dans un march\u00e9 de cr\u00e9ateurs !!! C&rsquo;est un sac cabas port\u00e9 main, en total upcycling qui a un petit c\u00f4t\u00e9 vintage dans l&rsquo;air du temps.<\/p>\n","protected":false},"featured_media":2253,"comment_status":"open","ping_status":"closed","template":"","meta":[],"product_cat":[18,38],"product_tag":[],"class_list":{"0":"post-2250","1":"product","2":"type-product","3":"status-publish","4":"has-post-thumbnail","6":"product_cat-sac-cabas","7":"product_cat-upcycling","8":"entry","10":"first","11":"instock","12":"shipping-taxable","13":"purchasable","14":"product-type-variable"},"jetpack_sharing_enabled":true,"_links":{"self":[{"href":"https:\/\/flodesaintbau.fr\/index.php\/wp-json\/wp\/v2\/product\/2250","targetHints":{"allow":["GET"]}}],"collection":[{"href":"https:\/\/flodesaintbau.fr\/index.php\/wp-json\/wp\/v2\/product"}],"about":[{"href":"https:\/\/flodesaintbau.fr\/index.php\/wp-json\/wp\/v2\/types\/product"}],"replies":[{"embeddable":true,"href":"https:\/\/flodesaintbau.fr\/index.php\/wp-json\/wp\/v2\/comments?post=2250"}],"wp:featuredmedia":[{"embeddable":true,"href":"https:\/\/flodesaintbau.fr\/index.php\/wp-json\/wp\/v2\/media\/2253"}],"wp:attachment":[{"href":"https:\/\/flodesaintbau.fr\/index.php\/wp-json\/wp\/v2\/media?parent=2250"}],"wp:term":[{"taxonomy":"product_cat","embeddable":true,"href":"https:\/\/flodesaintbau.fr\/index.php\/wp-json\/wp\/v2\/product_cat?post=2250"},{"taxonomy":"product_tag","embeddable":true,"href":"https:\/\/flodesaintbau.fr\/index.php\/wp-json\/wp\/v2\/product_tag?post=2250"}],"curies":[{"name":"wp","href":"https:\/\/api.w.org\/{rel}","templated":true}]}}