{"id":2190,"date":"2024-12-14T21:16:22","date_gmt":"2024-12-14T20:16:22","guid":{"rendered":"https:\/\/flodesaintbau.fr\/?post_type=product&#038;p=2190"},"modified":"2025-02-17T01:56:29","modified_gmt":"2025-02-17T00:56:29","slug":"petite-pochette-en-jean-upcycle","status":"publish","type":"product","link":"https:\/\/flodesaintbau.fr\/index.php\/produit\/petite-pochette-en-jean-upcycle\/","title":{"rendered":"Petite pochette en jean upcycl\u00e9"},"content":{"rendered":"<p>Petite pochette en jean upcycl\u00e9 ; chaque mod\u00e8le est unique<\/p>\n","protected":false},"excerpt":{"rendered":"<p>Petite pochette en jean upcycl\u00e9 ; chaque mod\u00e8le est unique<\/p>\n","protected":false},"featured_media":2199,"comment_status":"open","ping_status":"closed","template":"","meta":[],"product_cat":[41,38],"product_tag":[],"class_list":{"0":"post-2190","1":"product","2":"type-product","3":"status-publish","4":"has-post-thumbnail","6":"product_cat-petite-pochette","7":"product_cat-upcycling","8":"entry","10":"first","11":"instock","12":"shipping-taxable","13":"purchasable","14":"product-type-variable"},"jetpack_sharing_enabled":true,"_links":{"self":[{"href":"https:\/\/flodesaintbau.fr\/index.php\/wp-json\/wp\/v2\/product\/2190","targetHints":{"allow":["GET"]}}],"collection":[{"href":"https:\/\/flodesaintbau.fr\/index.php\/wp-json\/wp\/v2\/product"}],"about":[{"href":"https:\/\/flodesaintbau.fr\/index.php\/wp-json\/wp\/v2\/types\/product"}],"replies":[{"embeddable":true,"href":"https:\/\/flodesaintbau.fr\/index.php\/wp-json\/wp\/v2\/comments?post=2190"}],"wp:featuredmedia":[{"embeddable":true,"href":"https:\/\/flodesaintbau.fr\/index.php\/wp-json\/wp\/v2\/media\/2199"}],"wp:attachment":[{"href":"https:\/\/flodesaintbau.fr\/index.php\/wp-json\/wp\/v2\/media?parent=2190"}],"wp:term":[{"taxonomy":"product_cat","embeddable":true,"href":"https:\/\/flodesaintbau.fr\/index.php\/wp-json\/wp\/v2\/product_cat?post=2190"},{"taxonomy":"product_tag","embeddable":true,"href":"https:\/\/flodesaintbau.fr\/index.php\/wp-json\/wp\/v2\/product_tag?post=2190"}],"curies":[{"name":"wp","href":"https:\/\/api.w.org\/{rel}","templated":true}]}}