{"id":2186,"date":"2024-12-14T21:01:03","date_gmt":"2024-12-14T20:01:03","guid":{"rendered":"https:\/\/flodesaintbau.fr\/?post_type=product&#038;p=2186"},"modified":"2024-12-14T21:28:52","modified_gmt":"2024-12-14T20:28:52","slug":"pochette-sequins","status":"publish","type":"product","link":"https:\/\/flodesaintbau.fr\/index.php\/produit\/pochette-sequins\/","title":{"rendered":"Pochette sequins"},"content":{"rendered":"<p>Pochette en velours upcycl\u00e9 agr\u00e9ment\u00e9 d&rsquo;un ruban de sequins .<\/p>\n<p>&nbsp;<\/p>\n<p>&nbsp;<\/p>\n<p>Dimensions : largeur 18 cm hauteur 13 cm<\/p>\n<p>Les articles \u00e9tant tous faits \u00e0 la main, les dimensions peuvent varier l\u00e9g\u00e8rement<\/p>\n<p>&nbsp;<\/p>\n","protected":false},"excerpt":{"rendered":"<p>Pochette en velours upcycl\u00e9 agr\u00e9ment\u00e9 d&rsquo;un ruban de sequins . &nbsp; &nbsp; Dimensions : largeur 18 cm hauteur 13 cm Les articles \u00e9tant tous faits \u00e0 la main, les dimensions peuvent varier l\u00e9g\u00e8rement &nbsp;<\/p>\n","protected":false},"featured_media":2193,"comment_status":"open","ping_status":"closed","template":"","meta":[],"product_cat":[41,38],"product_tag":[],"class_list":{"0":"post-2186","1":"product","2":"type-product","3":"status-publish","4":"has-post-thumbnail","6":"product_cat-petite-pochette","7":"product_cat-upcycling","8":"entry","10":"first","11":"instock","12":"shipping-taxable","13":"purchasable","14":"product-type-variable"},"jetpack_sharing_enabled":true,"_links":{"self":[{"href":"https:\/\/flodesaintbau.fr\/index.php\/wp-json\/wp\/v2\/product\/2186","targetHints":{"allow":["GET"]}}],"collection":[{"href":"https:\/\/flodesaintbau.fr\/index.php\/wp-json\/wp\/v2\/product"}],"about":[{"href":"https:\/\/flodesaintbau.fr\/index.php\/wp-json\/wp\/v2\/types\/product"}],"replies":[{"embeddable":true,"href":"https:\/\/flodesaintbau.fr\/index.php\/wp-json\/wp\/v2\/comments?post=2186"}],"wp:featuredmedia":[{"embeddable":true,"href":"https:\/\/flodesaintbau.fr\/index.php\/wp-json\/wp\/v2\/media\/2193"}],"wp:attachment":[{"href":"https:\/\/flodesaintbau.fr\/index.php\/wp-json\/wp\/v2\/media?parent=2186"}],"wp:term":[{"taxonomy":"product_cat","embeddable":true,"href":"https:\/\/flodesaintbau.fr\/index.php\/wp-json\/wp\/v2\/product_cat?post=2186"},{"taxonomy":"product_tag","embeddable":true,"href":"https:\/\/flodesaintbau.fr\/index.php\/wp-json\/wp\/v2\/product_tag?post=2186"}],"curies":[{"name":"wp","href":"https:\/\/api.w.org\/{rel}","templated":true}]}}