{"id":2172,"date":"2024-11-27T18:45:07","date_gmt":"2024-11-27T17:45:07","guid":{"rendered":"https:\/\/flodesaintbau.fr\/?post_type=product&#038;p=2172"},"modified":"2025-04-07T21:12:13","modified_gmt":"2025-04-07T19:12:13","slug":"pochette-de-lingettes-demaquillantes","status":"publish","type":"product","link":"https:\/\/flodesaintbau.fr\/index.php\/produit\/pochette-de-lingettes-demaquillantes\/","title":{"rendered":"Pochette de lingettes d\u00e9maquillantes"},"content":{"rendered":"<p>C&rsquo;est un vrai plaisir de se d\u00e9maquiller avec ces lingettes en \u00e9ponge de bambou toutes douces. Ce lot de 6 lingettes est rang\u00e9 dans sa pochette de transport doubl\u00e9e d&rsquo;un tissu enduit imperm\u00e9able. Dans la salle de bains, vous pourrez gr\u00e2ce \u00e0 la petite sangle d&rsquo;attache, suspendre votre pochette \u00e0 un crochet afin de l&rsquo;avoir toujours sous la main.<\/p>\n<p>Vous trouverez sans doute votre bonheur dans les diff\u00e9rents motifs propos\u00e9s.<\/p>\n","protected":false},"excerpt":{"rendered":"<p>C&rsquo;est un vrai plaisir de se d\u00e9maquiller avec ces lingettes en \u00e9ponge de bambou toutes douces. Ce lot de 6 lingettes est rang\u00e9 dans sa pochette de transport doubl\u00e9e d&rsquo;un tissu enduit imperm\u00e9able. Dans la salle de bains, vous pourrez gr\u00e2ce \u00e0 la petite sangle d&rsquo;attache, suspendre votre pochette \u00e0 un crochet afin de l&rsquo;avoir&hellip; <a class=\"more-link\" href=\"https:\/\/flodesaintbau.fr\/index.php\/produit\/pochette-de-lingettes-demaquillantes\/\">Poursuivre la lecture <span class=\"screen-reader-text\">Pochette de lingettes d\u00e9maquillantes<\/span><\/a><\/p>\n","protected":false},"featured_media":2171,"comment_status":"open","ping_status":"closed","template":"","meta":[],"product_cat":[42],"product_tag":[],"class_list":{"0":"post-2172","1":"product","2":"type-product","3":"status-publish","4":"has-post-thumbnail","6":"product_cat-pochette-de-lingettes-demaquillantes","7":"entry","9":"first","10":"instock","11":"shipping-taxable","12":"purchasable","13":"product-type-variable"},"jetpack_sharing_enabled":true,"_links":{"self":[{"href":"https:\/\/flodesaintbau.fr\/index.php\/wp-json\/wp\/v2\/product\/2172","targetHints":{"allow":["GET"]}}],"collection":[{"href":"https:\/\/flodesaintbau.fr\/index.php\/wp-json\/wp\/v2\/product"}],"about":[{"href":"https:\/\/flodesaintbau.fr\/index.php\/wp-json\/wp\/v2\/types\/product"}],"replies":[{"embeddable":true,"href":"https:\/\/flodesaintbau.fr\/index.php\/wp-json\/wp\/v2\/comments?post=2172"}],"wp:featuredmedia":[{"embeddable":true,"href":"https:\/\/flodesaintbau.fr\/index.php\/wp-json\/wp\/v2\/media\/2171"}],"wp:attachment":[{"href":"https:\/\/flodesaintbau.fr\/index.php\/wp-json\/wp\/v2\/media?parent=2172"}],"wp:term":[{"taxonomy":"product_cat","embeddable":true,"href":"https:\/\/flodesaintbau.fr\/index.php\/wp-json\/wp\/v2\/product_cat?post=2172"},{"taxonomy":"product_tag","embeddable":true,"href":"https:\/\/flodesaintbau.fr\/index.php\/wp-json\/wp\/v2\/product_tag?post=2172"}],"curies":[{"name":"wp","href":"https:\/\/api.w.org\/{rel}","templated":true}]}}