{"id":2126,"date":"2024-11-27T14:12:32","date_gmt":"2024-11-27T13:12:32","guid":{"rendered":"https:\/\/flodesaintbau.fr\/?post_type=product&#038;p=2126"},"modified":"2025-12-01T16:13:04","modified_gmt":"2025-12-01T15:13:04","slug":"porte-monnaie-en-velours","status":"publish","type":"product","link":"https:\/\/flodesaintbau.fr\/index.php\/produit\/porte-monnaie-en-velours\/","title":{"rendered":"Porte monnaie en velours"},"content":{"rendered":"<p>Simple et efficace, ce petit porte monnaie en velours aux couleurs tendance se glissera dans toutes vos poches.<\/p>\n<p>Largeur 10 cm\u00a0 hauteur 11 cm<\/p>\n<p>les articles \u00e9tant tous faits \u00e0 la main, les dimensions peuvent varier l\u00e9g\u00e8rement<\/p>\n","protected":false},"excerpt":{"rendered":"<p>Simple et efficace, ce petit porte monnaie en velours aux couleurs tendance se glissera dans toutes vos poches. Largeur 10 cm\u00a0 hauteur 11 cm les articles \u00e9tant tous faits \u00e0 la main, les dimensions peuvent varier l\u00e9g\u00e8rement<\/p>\n","protected":false},"featured_media":2508,"comment_status":"open","ping_status":"closed","template":"","meta":[],"product_cat":[39,30],"product_tag":[],"class_list":{"0":"post-2126","1":"product","2":"type-product","3":"status-publish","4":"has-post-thumbnail","6":"product_cat-le-velours","7":"product_cat-porte-monnaie","8":"entry","10":"first","11":"instock","12":"shipping-taxable","13":"purchasable","14":"product-type-variable"},"jetpack_sharing_enabled":true,"_links":{"self":[{"href":"https:\/\/flodesaintbau.fr\/index.php\/wp-json\/wp\/v2\/product\/2126","targetHints":{"allow":["GET"]}}],"collection":[{"href":"https:\/\/flodesaintbau.fr\/index.php\/wp-json\/wp\/v2\/product"}],"about":[{"href":"https:\/\/flodesaintbau.fr\/index.php\/wp-json\/wp\/v2\/types\/product"}],"replies":[{"embeddable":true,"href":"https:\/\/flodesaintbau.fr\/index.php\/wp-json\/wp\/v2\/comments?post=2126"}],"wp:featuredmedia":[{"embeddable":true,"href":"https:\/\/flodesaintbau.fr\/index.php\/wp-json\/wp\/v2\/media\/2508"}],"wp:attachment":[{"href":"https:\/\/flodesaintbau.fr\/index.php\/wp-json\/wp\/v2\/media?parent=2126"}],"wp:term":[{"taxonomy":"product_cat","embeddable":true,"href":"https:\/\/flodesaintbau.fr\/index.php\/wp-json\/wp\/v2\/product_cat?post=2126"},{"taxonomy":"product_tag","embeddable":true,"href":"https:\/\/flodesaintbau.fr\/index.php\/wp-json\/wp\/v2\/product_tag?post=2126"}],"curies":[{"name":"wp","href":"https:\/\/api.w.org\/{rel}","templated":true}]}}