{"id":2111,"date":"2024-11-27T07:05:11","date_gmt":"2024-11-27T06:05:11","guid":{"rendered":"https:\/\/flodesaintbau.fr\/?post_type=product&#038;p=2111"},"modified":"2025-07-11T06:43:16","modified_gmt":"2025-07-11T04:43:16","slug":"grande-sacoche-en-jean-upcycle","status":"publish","type":"product","link":"https:\/\/flodesaintbau.fr\/index.php\/produit\/grande-sacoche-en-jean-upcycle\/","title":{"rendered":"grande sacoche en jean upcycl\u00e9"},"content":{"rendered":"<p>Jolie sacoche en jean d\u00e9cor\u00e9 d&rsquo;un passepoil imprim\u00e9.<\/p>\n<p>Vous trouverez devant une grande poche ferm\u00e9e par pression qui fait toute\u00a0 la hauteur du sac et \u00e0 l&rsquo;arri\u00e8re une poche plaqu\u00e9e. La sangle r\u00e9glable en cuir souple est attach\u00e9e \u00e0 l&rsquo;aide d&rsquo;originaux mousquetons ronds. Fermeture zipp\u00e9e, doublure en coton imprim\u00e9.<\/p>\n<p>dimensions : hauteur 27 cm largeur 21 cm<\/p>\n<p>&nbsp;<\/p>\n<p>les articles \u00e9tant tous faits \u00e0 la main, les dimensions peuvent varier l\u00e9g\u00e8rement<\/p>\n","protected":false},"excerpt":{"rendered":"<p>Jolie sacoche en jean d\u00e9cor\u00e9 d&rsquo;un passepoil imprim\u00e9. Vous trouverez devant une grande poche ferm\u00e9e par pression qui fait toute\u00a0 la hauteur du sac et \u00e0 l&rsquo;arri\u00e8re une poche plaqu\u00e9e. La sangle r\u00e9glable en cuir souple est attach\u00e9e \u00e0 l&rsquo;aide d&rsquo;originaux mousquetons ronds. Fermeture zipp\u00e9e, doublure en coton imprim\u00e9. dimensions : hauteur 27 cm largeur&hellip; <a class=\"more-link\" href=\"https:\/\/flodesaintbau.fr\/index.php\/produit\/grande-sacoche-en-jean-upcycle\/\">Poursuivre la lecture <span class=\"screen-reader-text\">grande sacoche en jean upcycl\u00e9<\/span><\/a><\/p>\n","protected":false},"featured_media":2112,"comment_status":"open","ping_status":"closed","template":"","meta":[],"product_cat":[38],"product_tag":[],"class_list":{"0":"post-2111","1":"product","2":"type-product","3":"status-publish","4":"has-post-thumbnail","6":"product_cat-upcycling","7":"entry","9":"first","10":"instock","11":"sale","12":"shipping-taxable","13":"purchasable","14":"product-type-simple"},"jetpack_sharing_enabled":true,"_links":{"self":[{"href":"https:\/\/flodesaintbau.fr\/index.php\/wp-json\/wp\/v2\/product\/2111","targetHints":{"allow":["GET"]}}],"collection":[{"href":"https:\/\/flodesaintbau.fr\/index.php\/wp-json\/wp\/v2\/product"}],"about":[{"href":"https:\/\/flodesaintbau.fr\/index.php\/wp-json\/wp\/v2\/types\/product"}],"replies":[{"embeddable":true,"href":"https:\/\/flodesaintbau.fr\/index.php\/wp-json\/wp\/v2\/comments?post=2111"}],"wp:featuredmedia":[{"embeddable":true,"href":"https:\/\/flodesaintbau.fr\/index.php\/wp-json\/wp\/v2\/media\/2112"}],"wp:attachment":[{"href":"https:\/\/flodesaintbau.fr\/index.php\/wp-json\/wp\/v2\/media?parent=2111"}],"wp:term":[{"taxonomy":"product_cat","embeddable":true,"href":"https:\/\/flodesaintbau.fr\/index.php\/wp-json\/wp\/v2\/product_cat?post=2111"},{"taxonomy":"product_tag","embeddable":true,"href":"https:\/\/flodesaintbau.fr\/index.php\/wp-json\/wp\/v2\/product_tag?post=2111"}],"curies":[{"name":"wp","href":"https:\/\/api.w.org\/{rel}","templated":true}]}}