{"id":2103,"date":"2024-11-27T06:58:35","date_gmt":"2024-11-27T05:58:35","guid":{"rendered":"https:\/\/flodesaintbau.fr\/?post_type=product&#038;p=2103"},"modified":"2025-07-11T06:38:39","modified_gmt":"2025-07-11T04:38:39","slug":"sacoche-en-jean-upcycle-poche-kaki","status":"publish","type":"product","link":"https:\/\/flodesaintbau.fr\/index.php\/produit\/sacoche-en-jean-upcycle-poche-kaki\/","title":{"rendered":"Sacoche en jean upcycl\u00e9 poche kaki"},"content":{"rendered":"<p>un mix sympa entre un jean et un pantalon kaki pour cette sacoche mixte.<\/p>\n<p>D&rsquo;un cot\u00e9 vous trouverez une poche zipp\u00e9e ainsi qu&rsquo;une petite poche plaqu\u00e9e \u00e0 rabat, et de l&rsquo;autre une poche plaqu\u00e9e ; doublure en coton, fermeture zipp\u00e9e. La sangle r\u00e9glable est en cuir souple.<\/p>\n<p>&nbsp;<\/p>\n<p>dimensions : largeur 17 cm hauteur 20 cm<\/p>\n","protected":false},"excerpt":{"rendered":"<p>un mix sympa entre un jean et un pantalon kaki pour cette sacoche mixte. D&rsquo;un cot\u00e9 vous trouverez une poche zipp\u00e9e ainsi qu&rsquo;une petite poche plaqu\u00e9e \u00e0 rabat, et de l&rsquo;autre une poche plaqu\u00e9e ; doublure en coton, fermeture zipp\u00e9e. La sangle r\u00e9glable est en cuir souple. &nbsp; dimensions : largeur 17 cm hauteur 20&hellip; <a class=\"more-link\" href=\"https:\/\/flodesaintbau.fr\/index.php\/produit\/sacoche-en-jean-upcycle-poche-kaki\/\">Poursuivre la lecture <span class=\"screen-reader-text\">Sacoche en jean upcycl\u00e9 poche kaki<\/span><\/a><\/p>\n","protected":false},"featured_media":2107,"comment_status":"open","ping_status":"closed","template":"","meta":[],"product_cat":[38],"product_tag":[],"class_list":{"0":"post-2103","1":"product","2":"type-product","3":"status-publish","4":"has-post-thumbnail","6":"product_cat-upcycling","7":"entry","9":"first","10":"instock","11":"sale","12":"shipping-taxable","13":"purchasable","14":"product-type-simple"},"jetpack_sharing_enabled":true,"_links":{"self":[{"href":"https:\/\/flodesaintbau.fr\/index.php\/wp-json\/wp\/v2\/product\/2103","targetHints":{"allow":["GET"]}}],"collection":[{"href":"https:\/\/flodesaintbau.fr\/index.php\/wp-json\/wp\/v2\/product"}],"about":[{"href":"https:\/\/flodesaintbau.fr\/index.php\/wp-json\/wp\/v2\/types\/product"}],"replies":[{"embeddable":true,"href":"https:\/\/flodesaintbau.fr\/index.php\/wp-json\/wp\/v2\/comments?post=2103"}],"wp:featuredmedia":[{"embeddable":true,"href":"https:\/\/flodesaintbau.fr\/index.php\/wp-json\/wp\/v2\/media\/2107"}],"wp:attachment":[{"href":"https:\/\/flodesaintbau.fr\/index.php\/wp-json\/wp\/v2\/media?parent=2103"}],"wp:term":[{"taxonomy":"product_cat","embeddable":true,"href":"https:\/\/flodesaintbau.fr\/index.php\/wp-json\/wp\/v2\/product_cat?post=2103"},{"taxonomy":"product_tag","embeddable":true,"href":"https:\/\/flodesaintbau.fr\/index.php\/wp-json\/wp\/v2\/product_tag?post=2103"}],"curies":[{"name":"wp","href":"https:\/\/api.w.org\/{rel}","templated":true}]}}