{"id":2072,"date":"2024-11-24T05:24:35","date_gmt":"2024-11-24T04:24:35","guid":{"rendered":"https:\/\/flodesaintbau.fr\/?post_type=product&#038;p=2072"},"modified":"2025-04-07T21:17:34","modified_gmt":"2025-04-07T19:17:34","slug":"la-pochette","status":"publish","type":"product","link":"https:\/\/flodesaintbau.fr\/index.php\/produit\/la-pochette\/","title":{"rendered":"La pochette"},"content":{"rendered":"<p>La petite pochette bien pratique qu&rsquo;on emm\u00e8ne partout pour y\u00a0 glisser notre t\u00e9l\u00e9phone , notre maquillage ou tout ce qu&rsquo;on veut : en velours aux couleurs tendance, elle fera des envieux !<\/p>\n<p>Dimensions : largeur 21 cm hauteur 16 cm<\/p>\n<p>Les articles \u00e9tant tous faits \u00e0 la main, les dimensions peuvent varier l\u00e9g\u00e8rement<\/p>\n","protected":false},"excerpt":{"rendered":"<p>La petite pochette bien pratique qu&rsquo;on emm\u00e8ne partout pour y\u00a0 glisser notre t\u00e9l\u00e9phone , notre maquillage ou tout ce qu&rsquo;on veut : en velours aux couleurs tendance, elle fera des envieux ! Dimensions : largeur 21 cm hauteur 16 cm Les articles \u00e9tant tous faits \u00e0 la main, les dimensions peuvent varier l\u00e9g\u00e8rement<\/p>\n","protected":false},"featured_media":2073,"comment_status":"open","ping_status":"closed","template":"","meta":[],"product_cat":[39,43],"product_tag":[],"class_list":{"0":"post-2072","1":"product","2":"type-product","3":"status-publish","4":"has-post-thumbnail","6":"product_cat-le-velours","7":"product_cat-pochette","8":"entry","10":"first","11":"instock","12":"shipping-taxable","13":"purchasable","14":"product-type-variable"},"jetpack_sharing_enabled":true,"_links":{"self":[{"href":"https:\/\/flodesaintbau.fr\/index.php\/wp-json\/wp\/v2\/product\/2072","targetHints":{"allow":["GET"]}}],"collection":[{"href":"https:\/\/flodesaintbau.fr\/index.php\/wp-json\/wp\/v2\/product"}],"about":[{"href":"https:\/\/flodesaintbau.fr\/index.php\/wp-json\/wp\/v2\/types\/product"}],"replies":[{"embeddable":true,"href":"https:\/\/flodesaintbau.fr\/index.php\/wp-json\/wp\/v2\/comments?post=2072"}],"wp:featuredmedia":[{"embeddable":true,"href":"https:\/\/flodesaintbau.fr\/index.php\/wp-json\/wp\/v2\/media\/2073"}],"wp:attachment":[{"href":"https:\/\/flodesaintbau.fr\/index.php\/wp-json\/wp\/v2\/media?parent=2072"}],"wp:term":[{"taxonomy":"product_cat","embeddable":true,"href":"https:\/\/flodesaintbau.fr\/index.php\/wp-json\/wp\/v2\/product_cat?post=2072"},{"taxonomy":"product_tag","embeddable":true,"href":"https:\/\/flodesaintbau.fr\/index.php\/wp-json\/wp\/v2\/product_tag?post=2072"}],"curies":[{"name":"wp","href":"https:\/\/api.w.org\/{rel}","templated":true}]}}