{"id":2058,"date":"2024-11-24T05:08:55","date_gmt":"2024-11-24T04:08:55","guid":{"rendered":"https:\/\/flodesaintbau.fr\/?post_type=product&#038;p=2058"},"modified":"2025-12-06T20:47:50","modified_gmt":"2025-12-06T19:47:50","slug":"trousse-de-toilette","status":"publish","type":"product","link":"https:\/\/flodesaintbau.fr\/index.php\/produit\/trousse-de-toilette\/","title":{"rendered":"Trousse de toilette"},"content":{"rendered":"<p>Une mati\u00e8re actuelle, des couleurs tendance, la bonne dimension et un int\u00e9rieur en tissu enduit imperm\u00e9able : la trousse de toilette id\u00e9ale !<\/p>\n<p>&nbsp;<\/p>\n<p>&nbsp;<\/p>\n<p>dimensions : largeur 30 cm hauteur 16 cm profondeur 10 cm<\/p>\n<p>&nbsp;<\/p>\n<p>les articles \u00e9tant tous faits \u00e0 la main, les dimensions peuvent varier l\u00e9g\u00e8rement<\/p>\n<p>&nbsp;<\/p>\n","protected":false},"excerpt":{"rendered":"<p>Une mati\u00e8re actuelle, des couleurs tendance, la bonne dimension et un int\u00e9rieur en tissu enduit imperm\u00e9able : la trousse de toilette id\u00e9ale ! &nbsp; &nbsp; dimensions : largeur 30 cm hauteur 16 cm profondeur 10 cm &nbsp; les articles \u00e9tant tous faits \u00e0 la main, les dimensions peuvent varier l\u00e9g\u00e8rement &nbsp;<\/p>\n","protected":false},"featured_media":2068,"comment_status":"open","ping_status":"closed","template":"","meta":[],"product_cat":[39],"product_tag":[],"class_list":{"0":"post-2058","1":"product","2":"type-product","3":"status-publish","4":"has-post-thumbnail","6":"product_cat-le-velours","7":"entry","9":"first","10":"instock","11":"sale","12":"shipping-taxable","13":"purchasable","14":"product-type-variable"},"jetpack_sharing_enabled":true,"_links":{"self":[{"href":"https:\/\/flodesaintbau.fr\/index.php\/wp-json\/wp\/v2\/product\/2058","targetHints":{"allow":["GET"]}}],"collection":[{"href":"https:\/\/flodesaintbau.fr\/index.php\/wp-json\/wp\/v2\/product"}],"about":[{"href":"https:\/\/flodesaintbau.fr\/index.php\/wp-json\/wp\/v2\/types\/product"}],"replies":[{"embeddable":true,"href":"https:\/\/flodesaintbau.fr\/index.php\/wp-json\/wp\/v2\/comments?post=2058"}],"wp:featuredmedia":[{"embeddable":true,"href":"https:\/\/flodesaintbau.fr\/index.php\/wp-json\/wp\/v2\/media\/2068"}],"wp:attachment":[{"href":"https:\/\/flodesaintbau.fr\/index.php\/wp-json\/wp\/v2\/media?parent=2058"}],"wp:term":[{"taxonomy":"product_cat","embeddable":true,"href":"https:\/\/flodesaintbau.fr\/index.php\/wp-json\/wp\/v2\/product_cat?post=2058"},{"taxonomy":"product_tag","embeddable":true,"href":"https:\/\/flodesaintbau.fr\/index.php\/wp-json\/wp\/v2\/product_tag?post=2058"}],"curies":[{"name":"wp","href":"https:\/\/api.w.org\/{rel}","templated":true}]}}