{"id":2047,"date":"2024-11-24T04:45:55","date_gmt":"2024-11-24T03:45:55","guid":{"rendered":"https:\/\/flodesaintbau.fr\/?post_type=product&#038;p=2047"},"modified":"2025-05-21T19:23:38","modified_gmt":"2025-05-21T17:23:38","slug":"le-sac-velours","status":"publish","type":"product","link":"https:\/\/flodesaintbau.fr\/index.php\/produit\/le-sac-velours\/","title":{"rendered":"Le sac velours"},"content":{"rendered":"<p>Le sac pratique pour toutes les occasions : une mati\u00e8re actuelle, des couleurs tendances, une taille id\u00e9ale, une poche int\u00e9rieure et la sangle r\u00e9glable qui permet de le porter \u00e0 l&rsquo;\u00e9paule en port\u00e9 court ou long , ou en bandouli\u00e8re.<\/p>\n<p>Ce sac velours vous accompagnera en douceur dans votre vie de tous les jours.<\/p>\n<p>&nbsp;<\/p>\n<p>&nbsp;<\/p>\n<p>dimensions : largeur 30 cm hauteur 22 cm profondeur 10 cm<\/p>\n<p>les articles \u00e9tant tous faits \u00e0 la main, les dimensions peuvent varier l\u00e9g\u00e8rement<\/p>\n","protected":false},"excerpt":{"rendered":"<p>Le sac pratique pour toutes les occasions : une mati\u00e8re actuelle, des couleurs tendances, une taille id\u00e9ale, une poche int\u00e9rieure et la sangle r\u00e9glable qui permet de le porter \u00e0 l&rsquo;\u00e9paule en port\u00e9 court ou long , ou en bandouli\u00e8re. Ce sac velours vous accompagnera en douceur dans votre vie de tous les jours. &nbsp;&hellip; <a class=\"more-link\" href=\"https:\/\/flodesaintbau.fr\/index.php\/produit\/le-sac-velours\/\">Poursuivre la lecture <span class=\"screen-reader-text\">Le sac velours<\/span><\/a><\/p>\n","protected":false},"featured_media":2050,"comment_status":"open","ping_status":"closed","template":"","meta":[],"product_cat":[39,23],"product_tag":[],"class_list":{"0":"post-2047","1":"product","2":"type-product","3":"status-publish","4":"has-post-thumbnail","6":"product_cat-le-velours","7":"product_cat-sac-a-main","8":"entry","10":"first","11":"instock","12":"sale","13":"shipping-taxable","14":"purchasable","15":"product-type-variable"},"jetpack_sharing_enabled":true,"_links":{"self":[{"href":"https:\/\/flodesaintbau.fr\/index.php\/wp-json\/wp\/v2\/product\/2047","targetHints":{"allow":["GET"]}}],"collection":[{"href":"https:\/\/flodesaintbau.fr\/index.php\/wp-json\/wp\/v2\/product"}],"about":[{"href":"https:\/\/flodesaintbau.fr\/index.php\/wp-json\/wp\/v2\/types\/product"}],"replies":[{"embeddable":true,"href":"https:\/\/flodesaintbau.fr\/index.php\/wp-json\/wp\/v2\/comments?post=2047"}],"wp:featuredmedia":[{"embeddable":true,"href":"https:\/\/flodesaintbau.fr\/index.php\/wp-json\/wp\/v2\/media\/2050"}],"wp:attachment":[{"href":"https:\/\/flodesaintbau.fr\/index.php\/wp-json\/wp\/v2\/media?parent=2047"}],"wp:term":[{"taxonomy":"product_cat","embeddable":true,"href":"https:\/\/flodesaintbau.fr\/index.php\/wp-json\/wp\/v2\/product_cat?post=2047"},{"taxonomy":"product_tag","embeddable":true,"href":"https:\/\/flodesaintbau.fr\/index.php\/wp-json\/wp\/v2\/product_tag?post=2047"}],"curies":[{"name":"wp","href":"https:\/\/api.w.org\/{rel}","templated":true}]}}