{"id":2020,"date":"2024-09-30T20:43:04","date_gmt":"2024-09-30T18:43:04","guid":{"rendered":"https:\/\/flodesaintbau.fr\/?post_type=product&#038;p=2020"},"modified":"2025-07-17T05:58:06","modified_gmt":"2025-07-17T03:58:06","slug":"le-baroudeur","status":"publish","type":"product","link":"https:\/\/flodesaintbau.fr\/index.php\/produit\/le-baroudeur\/","title":{"rendered":"Le Baroudeur"},"content":{"rendered":"<p>Adepte du Upcycling, bienvenue !!!<\/p>\n<p>Un ancien pantalon entame sa deuxi\u00e8me vie avec cette besace super pratique et trop styl\u00e9e !! Une grande poche zipp\u00e9e devant, une plus petite \u00e0 l&rsquo;arri\u00e8re, deux poches plaqu\u00e9es \u00e0 l&rsquo;int\u00e9rieur, voil\u00e0 d\u00e9j\u00e0 du rangement &#8230; Sa grande contenance vous permettra d&#8217;emporter pas mal d&rsquo;affaires pour vos exp\u00e9ditions, et sa fermeture zipp\u00e9e les laissera en s\u00e9curit\u00e9. Sa sangle r\u00e9glable vous permettra de la porter soit en bandouli\u00e8re, soit \u00e0 l&rsquo;\u00e9paule. Avec son\u00a0 fond en toile \u00e0 sac imperm\u00e9able, vous pourrez\u00a0 la poser facilement sans crainte de mouiller vos affaires.<\/p>\n<p>Au top cette besace non ?<\/p>\n","protected":false},"excerpt":{"rendered":"<p>Adepte du Upcycling, bienvenue !!! Un ancien pantalon entame sa deuxi\u00e8me vie avec cette besace super pratique et trop styl\u00e9e !! Une grande poche zipp\u00e9e devant, une plus petite \u00e0 l&rsquo;arri\u00e8re, deux poches plaqu\u00e9es \u00e0 l&rsquo;int\u00e9rieur, voil\u00e0 d\u00e9j\u00e0 du rangement &#8230; Sa grande contenance vous permettra d&#8217;emporter pas mal d&rsquo;affaires pour vos exp\u00e9ditions, et sa&hellip; <a class=\"more-link\" href=\"https:\/\/flodesaintbau.fr\/index.php\/produit\/le-baroudeur\/\">Poursuivre la lecture <span class=\"screen-reader-text\">Le Baroudeur<\/span><\/a><\/p>\n","protected":false},"featured_media":2021,"comment_status":"open","ping_status":"closed","template":"","meta":[],"product_cat":[46],"product_tag":[],"class_list":{"0":"post-2020","1":"product","2":"type-product","3":"status-publish","4":"has-post-thumbnail","6":"product_cat-trop-tard","7":"entry","9":"first","10":"outofstock","11":"shipping-taxable","12":"purchasable","13":"product-type-simple"},"jetpack_sharing_enabled":true,"_links":{"self":[{"href":"https:\/\/flodesaintbau.fr\/index.php\/wp-json\/wp\/v2\/product\/2020","targetHints":{"allow":["GET"]}}],"collection":[{"href":"https:\/\/flodesaintbau.fr\/index.php\/wp-json\/wp\/v2\/product"}],"about":[{"href":"https:\/\/flodesaintbau.fr\/index.php\/wp-json\/wp\/v2\/types\/product"}],"replies":[{"embeddable":true,"href":"https:\/\/flodesaintbau.fr\/index.php\/wp-json\/wp\/v2\/comments?post=2020"}],"wp:featuredmedia":[{"embeddable":true,"href":"https:\/\/flodesaintbau.fr\/index.php\/wp-json\/wp\/v2\/media\/2021"}],"wp:attachment":[{"href":"https:\/\/flodesaintbau.fr\/index.php\/wp-json\/wp\/v2\/media?parent=2020"}],"wp:term":[{"taxonomy":"product_cat","embeddable":true,"href":"https:\/\/flodesaintbau.fr\/index.php\/wp-json\/wp\/v2\/product_cat?post=2020"},{"taxonomy":"product_tag","embeddable":true,"href":"https:\/\/flodesaintbau.fr\/index.php\/wp-json\/wp\/v2\/product_tag?post=2020"}],"curies":[{"name":"wp","href":"https:\/\/api.w.org\/{rel}","templated":true}]}}