{"id":1964,"date":"2024-09-11T17:07:54","date_gmt":"2024-09-11T15:07:54","guid":{"rendered":"https:\/\/flodesaintbau.fr\/?post_type=product&#038;p=1964"},"modified":"2025-04-04T06:31:32","modified_gmt":"2025-04-04T04:31:32","slug":"le-sac-reversible","status":"publish","type":"product","link":"https:\/\/flodesaintbau.fr\/index.php\/produit\/le-sac-reversible\/","title":{"rendered":"Le sac r\u00e9versible"},"content":{"rendered":"<p>Super sympa ce sac cabas r\u00e9versible qui donne l&rsquo;avantage d&rsquo;avoir deux sacs en un ! Un cot\u00e9 en tissu d&rsquo;ameublement ray\u00e9 bayad\u00e8re multicolore et l&rsquo;autre c\u00f4t\u00e9 en tissu d&rsquo;ameublement naturel : de quoi changer au gr\u00e9 de votre humeur du jour.<\/p>\n<p>Le sac est doubl\u00e9 de molleton ce qui lui donne un toucher moelleux, mais aussi permet de transporter une tablette ou un petit PC.<\/p>\n<p>Les anses sont en jean upcycl\u00e9 fix\u00e9es par des rivets, et deux petites bandes de tissus permettent \u00e0 l&rsquo;int\u00e9rieur de fermer le sac avec un petit mousqueton.<\/p>\n","protected":false},"excerpt":{"rendered":"<p>Super sympa ce sac cabas r\u00e9versible qui donne l&rsquo;avantage d&rsquo;avoir deux sacs en un ! Un cot\u00e9 en tissu d&rsquo;ameublement ray\u00e9 bayad\u00e8re multicolore et l&rsquo;autre c\u00f4t\u00e9 en tissu d&rsquo;ameublement naturel : de quoi changer au gr\u00e9 de votre humeur du jour. Le sac est doubl\u00e9 de molleton ce qui lui donne un toucher moelleux, mais&hellip; <a class=\"more-link\" href=\"https:\/\/flodesaintbau.fr\/index.php\/produit\/le-sac-reversible\/\">Poursuivre la lecture <span class=\"screen-reader-text\">Le sac r\u00e9versible<\/span><\/a><\/p>\n","protected":false},"featured_media":1967,"comment_status":"open","ping_status":"closed","template":"","meta":[],"product_cat":[18],"product_tag":[],"class_list":{"0":"post-1964","1":"product","2":"type-product","3":"status-publish","4":"has-post-thumbnail","6":"product_cat-sac-cabas","7":"entry","9":"first","10":"instock","11":"sale","12":"shipping-taxable","13":"purchasable","14":"product-type-simple"},"jetpack_sharing_enabled":true,"_links":{"self":[{"href":"https:\/\/flodesaintbau.fr\/index.php\/wp-json\/wp\/v2\/product\/1964","targetHints":{"allow":["GET"]}}],"collection":[{"href":"https:\/\/flodesaintbau.fr\/index.php\/wp-json\/wp\/v2\/product"}],"about":[{"href":"https:\/\/flodesaintbau.fr\/index.php\/wp-json\/wp\/v2\/types\/product"}],"replies":[{"embeddable":true,"href":"https:\/\/flodesaintbau.fr\/index.php\/wp-json\/wp\/v2\/comments?post=1964"}],"wp:featuredmedia":[{"embeddable":true,"href":"https:\/\/flodesaintbau.fr\/index.php\/wp-json\/wp\/v2\/media\/1967"}],"wp:attachment":[{"href":"https:\/\/flodesaintbau.fr\/index.php\/wp-json\/wp\/v2\/media?parent=1964"}],"wp:term":[{"taxonomy":"product_cat","embeddable":true,"href":"https:\/\/flodesaintbau.fr\/index.php\/wp-json\/wp\/v2\/product_cat?post=1964"},{"taxonomy":"product_tag","embeddable":true,"href":"https:\/\/flodesaintbau.fr\/index.php\/wp-json\/wp\/v2\/product_tag?post=1964"}],"curies":[{"name":"wp","href":"https:\/\/api.w.org\/{rel}","templated":true}]}}