{"id":1927,"date":"2024-08-09T20:34:17","date_gmt":"2024-08-09T18:34:17","guid":{"rendered":"https:\/\/flodesaintbau.fr\/?post_type=product&#038;p=1927"},"modified":"2025-04-07T21:18:34","modified_gmt":"2025-04-07T19:18:34","slug":"la-pochette-flo","status":"publish","type":"product","link":"https:\/\/flodesaintbau.fr\/index.php\/produit\/la-pochette-flo\/","title":{"rendered":"La Pochette \u00ab\u00a0Flo\u00a0\u00bb"},"content":{"rendered":"<p>On est toutes des adeptes des pochettes ! Super pratiques dans nos grands sacs, elles permettes d&rsquo;y ranger notre petit bazar .<\/p>\n<p>Mais la pochette \u00ab\u00a0Flo\u00a0\u00bb a son petit c\u00f4t\u00e9 pratique bien \u00e0 elle : Sa dragonne qui lui permet de prendre place \u00e0 votre poignet mais aussi qui peut se glisser autour de la anse de votre gr\u00e2ce \u00e0 son petit mousqueton accroch\u00e9 \u00e0 la tirette de la fermeture \u00e9clair. Il suffit de d\u00e9crocher le mousqueton, de passer la dragonne autour de la anse et de raccrocher le tout : et hop, une pochette s\u00e9curis\u00e9e qui reste facilement \u00e0 port\u00e9e de main.<\/p>\n<p>Vous pourrez y ranger votre t\u00e9l\u00e9phone, vos papiers, votre porte monnaie, votre maquillage, enfin tout ce que vous voulez !<\/p>\n<p>Diff\u00e9rentes mati\u00e8res vous sont propos\u00e9es : du velours, du simili, de la toile tiss\u00e9e&#8230;. n&rsquo;h\u00e9sitez pas \u00e0 regarder et \u00e0 vous faire plaisir !!<\/p>\n","protected":false},"excerpt":{"rendered":"<p>On est toutes des adeptes des pochettes ! Super pratiques dans nos grands sacs, elles permettes d&rsquo;y ranger notre petit bazar . Mais la pochette \u00ab\u00a0Flo\u00a0\u00bb a son petit c\u00f4t\u00e9 pratique bien \u00e0 elle : Sa dragonne qui lui permet de prendre place \u00e0 votre poignet mais aussi qui peut se glisser autour de la&hellip; <a class=\"more-link\" href=\"https:\/\/flodesaintbau.fr\/index.php\/produit\/la-pochette-flo\/\">Poursuivre la lecture <span class=\"screen-reader-text\">La Pochette \u00ab\u00a0Flo\u00a0\u00bb<\/span><\/a><\/p>\n","protected":false},"featured_media":1926,"comment_status":"open","ping_status":"closed","template":"","meta":[],"product_cat":[36,43],"product_tag":[],"class_list":{"0":"post-1927","1":"product","2":"type-product","3":"status-publish","4":"has-post-thumbnail","6":"product_cat-la-pochette-flo","7":"product_cat-pochette","8":"entry","10":"first","11":"instock","12":"shipping-taxable","13":"purchasable","14":"product-type-variable"},"jetpack_sharing_enabled":true,"_links":{"self":[{"href":"https:\/\/flodesaintbau.fr\/index.php\/wp-json\/wp\/v2\/product\/1927","targetHints":{"allow":["GET"]}}],"collection":[{"href":"https:\/\/flodesaintbau.fr\/index.php\/wp-json\/wp\/v2\/product"}],"about":[{"href":"https:\/\/flodesaintbau.fr\/index.php\/wp-json\/wp\/v2\/types\/product"}],"replies":[{"embeddable":true,"href":"https:\/\/flodesaintbau.fr\/index.php\/wp-json\/wp\/v2\/comments?post=1927"}],"wp:featuredmedia":[{"embeddable":true,"href":"https:\/\/flodesaintbau.fr\/index.php\/wp-json\/wp\/v2\/media\/1926"}],"wp:attachment":[{"href":"https:\/\/flodesaintbau.fr\/index.php\/wp-json\/wp\/v2\/media?parent=1927"}],"wp:term":[{"taxonomy":"product_cat","embeddable":true,"href":"https:\/\/flodesaintbau.fr\/index.php\/wp-json\/wp\/v2\/product_cat?post=1927"},{"taxonomy":"product_tag","embeddable":true,"href":"https:\/\/flodesaintbau.fr\/index.php\/wp-json\/wp\/v2\/product_tag?post=1927"}],"curies":[{"name":"wp","href":"https:\/\/api.w.org\/{rel}","templated":true}]}}