{"id":1907,"date":"2024-08-03T08:39:53","date_gmt":"2024-08-03T06:39:53","guid":{"rendered":"https:\/\/flodesaintbau.fr\/?post_type=product&#038;p=1907"},"modified":"2025-04-04T06:37:06","modified_gmt":"2025-04-04T04:37:06","slug":"le-black-and-blue","status":"publish","type":"product","link":"https:\/\/flodesaintbau.fr\/index.php\/produit\/le-black-and-blue\/","title":{"rendered":"Le Black and Blue"},"content":{"rendered":"<p>Le grand classique, qu\u2019on peut tra\u00eener partout\u2026 Le Tote Bag ici sera toujours dans des mati\u00e8res de qualit\u00e9, doubl\u00e9, avec une poche int\u00e9rieure zipp\u00e9e.<\/p>\n<p>Le Black and Blue est en toile \u00e0 sac , une mati\u00e8re solide et imperm\u00e9able. Ses sangles fantaisies paillet\u00e9es apportent la touche girly.<\/p>\n<p>dimensions approximatives : larg 30 cm haut 34 cm prof 10 cm<\/p>\n","protected":false},"excerpt":{"rendered":"<p>Le grand classique, qu\u2019on peut tra\u00eener partout\u2026 Le Tote Bag ici sera toujours dans des mati\u00e8res de qualit\u00e9, doubl\u00e9, avec une poche int\u00e9rieure zipp\u00e9e. Le Black and Blue est en toile \u00e0 sac , une mati\u00e8re solide et imperm\u00e9able. Ses sangles fantaisies paillet\u00e9es apportent la touche girly. dimensions approximatives : larg 30 cm haut 34&hellip; <a class=\"more-link\" href=\"https:\/\/flodesaintbau.fr\/index.php\/produit\/le-black-and-blue\/\">Poursuivre la lecture <span class=\"screen-reader-text\">Le Black and Blue<\/span><\/a><\/p>\n","protected":false},"featured_media":1908,"comment_status":"open","ping_status":"closed","template":"","meta":[],"product_cat":[21],"product_tag":[],"class_list":{"0":"post-1907","1":"product","2":"type-product","3":"status-publish","4":"has-post-thumbnail","6":"product_cat-le-tote-bag","7":"entry","9":"first","10":"instock","11":"sale","12":"shipping-taxable","13":"purchasable","14":"product-type-simple"},"jetpack_sharing_enabled":true,"_links":{"self":[{"href":"https:\/\/flodesaintbau.fr\/index.php\/wp-json\/wp\/v2\/product\/1907","targetHints":{"allow":["GET"]}}],"collection":[{"href":"https:\/\/flodesaintbau.fr\/index.php\/wp-json\/wp\/v2\/product"}],"about":[{"href":"https:\/\/flodesaintbau.fr\/index.php\/wp-json\/wp\/v2\/types\/product"}],"replies":[{"embeddable":true,"href":"https:\/\/flodesaintbau.fr\/index.php\/wp-json\/wp\/v2\/comments?post=1907"}],"wp:featuredmedia":[{"embeddable":true,"href":"https:\/\/flodesaintbau.fr\/index.php\/wp-json\/wp\/v2\/media\/1908"}],"wp:attachment":[{"href":"https:\/\/flodesaintbau.fr\/index.php\/wp-json\/wp\/v2\/media?parent=1907"}],"wp:term":[{"taxonomy":"product_cat","embeddable":true,"href":"https:\/\/flodesaintbau.fr\/index.php\/wp-json\/wp\/v2\/product_cat?post=1907"},{"taxonomy":"product_tag","embeddable":true,"href":"https:\/\/flodesaintbau.fr\/index.php\/wp-json\/wp\/v2\/product_tag?post=1907"}],"curies":[{"name":"wp","href":"https:\/\/api.w.org\/{rel}","templated":true}]}}