{"id":1374,"date":"2024-07-07T17:51:38","date_gmt":"2024-07-07T15:51:38","guid":{"rendered":"https:\/\/flodesaintbau.fr\/?post_type=product&#038;p=1374"},"modified":"2025-07-11T06:39:14","modified_gmt":"2025-07-11T04:39:14","slug":"le-baba-jean-une-surprise-offerte-pour-une-commande-avant-le-13-juillet-20-h","status":"publish","type":"product","link":"https:\/\/flodesaintbau.fr\/index.php\/produit\/le-baba-jean-une-surprise-offerte-pour-une-commande-avant-le-13-juillet-20-h\/","title":{"rendered":"Le Baba-Jean &#8211;"},"content":{"rendered":"<p>De l&rsquo;upcycling\u00a0 pour ce Baba-Jean ! Un patchwork de jean lui donne ce c\u00f4t\u00e9 cool et en fait une \u00ab\u00a0Pi\u00e8ce Unique\u00a0\u00bb. La sangle r\u00e9glable permet de le porter \u00e0 l&rsquo;\u00e9paule ou en bandouli\u00e8re. Une jolie fermeture zipp\u00e9e et des attaches originales de qualit\u00e9 viennent finir ce sac pratique dont la taille vous permettra d&#8217;emmener toutes vos affaires.<\/p>\n","protected":false},"excerpt":{"rendered":"<p>De l&rsquo;upcycling\u00a0 pour ce Baba-Jean ! Un patchwork de jean lui donne ce c\u00f4t\u00e9 cool et en fait une \u00ab\u00a0Pi\u00e8ce Unique\u00a0\u00bb. La sangle r\u00e9glable permet de le porter \u00e0 l&rsquo;\u00e9paule ou en bandouli\u00e8re. Une jolie fermeture zipp\u00e9e et des attaches originales de qualit\u00e9 viennent finir ce sac pratique dont la taille vous permettra d&#8217;emmener toutes&hellip; <a class=\"more-link\" href=\"https:\/\/flodesaintbau.fr\/index.php\/produit\/le-baba-jean-une-surprise-offerte-pour-une-commande-avant-le-13-juillet-20-h\/\">Poursuivre la lecture <span class=\"screen-reader-text\">Le Baba-Jean &#8211;<\/span><\/a><\/p>\n","protected":false},"featured_media":1373,"comment_status":"open","ping_status":"closed","template":"","meta":[],"product_cat":[25,38],"product_tag":[],"class_list":{"0":"post-1374","1":"product","2":"type-product","3":"status-publish","4":"has-post-thumbnail","6":"product_cat-piece-unique","7":"product_cat-upcycling","8":"entry","10":"first","11":"instock","12":"sale","13":"shipping-taxable","14":"purchasable","15":"product-type-simple"},"jetpack_sharing_enabled":true,"_links":{"self":[{"href":"https:\/\/flodesaintbau.fr\/index.php\/wp-json\/wp\/v2\/product\/1374","targetHints":{"allow":["GET"]}}],"collection":[{"href":"https:\/\/flodesaintbau.fr\/index.php\/wp-json\/wp\/v2\/product"}],"about":[{"href":"https:\/\/flodesaintbau.fr\/index.php\/wp-json\/wp\/v2\/types\/product"}],"replies":[{"embeddable":true,"href":"https:\/\/flodesaintbau.fr\/index.php\/wp-json\/wp\/v2\/comments?post=1374"}],"wp:featuredmedia":[{"embeddable":true,"href":"https:\/\/flodesaintbau.fr\/index.php\/wp-json\/wp\/v2\/media\/1373"}],"wp:attachment":[{"href":"https:\/\/flodesaintbau.fr\/index.php\/wp-json\/wp\/v2\/media?parent=1374"}],"wp:term":[{"taxonomy":"product_cat","embeddable":true,"href":"https:\/\/flodesaintbau.fr\/index.php\/wp-json\/wp\/v2\/product_cat?post=1374"},{"taxonomy":"product_tag","embeddable":true,"href":"https:\/\/flodesaintbau.fr\/index.php\/wp-json\/wp\/v2\/product_tag?post=1374"}],"curies":[{"name":"wp","href":"https:\/\/api.w.org\/{rel}","templated":true}]}}