{"id":1358,"date":"2024-07-02T22:58:11","date_gmt":"2024-07-02T20:58:11","guid":{"rendered":"https:\/\/flodesaintbau.fr\/?post_type=product&#038;p=1358"},"modified":"2025-04-04T06:34:17","modified_gmt":"2025-04-04T04:34:17","slug":"le-romantique","status":"publish","type":"product","link":"https:\/\/flodesaintbau.fr\/index.php\/produit\/le-romantique\/","title":{"rendered":"Le Romantique"},"content":{"rendered":"<p>Le grand classique, qu\u2019on peut tra\u00eener partout\u2026 Le Tote Bag ici sera toujours dans des mati\u00e8res de qualit\u00e9, doubl\u00e9, avec une poche int\u00e9rieure zipp\u00e9e.<\/p>\n<p>Le Romantique est en toile chambray gris-bleut\u00e9e, base en simili cuir argent\u00e9 effet strass et galon d\u00e9coratif assorti. Les anses sont travaill\u00e9es avec le m\u00eame galon cousu sur la toile chambray. La doublure est identique \u00e0 l&rsquo;ext\u00e9rieur.<\/p>\n<p>dimensions approximatives : larg 30 cm haut 34 cm prof 10 cm<\/p>\n","protected":false},"excerpt":{"rendered":"<p>Le grand classique, qu\u2019on peut tra\u00eener partout\u2026 Le Tote Bag ici sera toujours dans des mati\u00e8res de qualit\u00e9, doubl\u00e9, avec une poche int\u00e9rieure zipp\u00e9e. Le Romantique est en toile chambray gris-bleut\u00e9e, base en simili cuir argent\u00e9 effet strass et galon d\u00e9coratif assorti. Les anses sont travaill\u00e9es avec le m\u00eame galon cousu sur la toile chambray.&hellip; <a class=\"more-link\" href=\"https:\/\/flodesaintbau.fr\/index.php\/produit\/le-romantique\/\">Poursuivre la lecture <span class=\"screen-reader-text\">Le Romantique<\/span><\/a><\/p>\n","protected":false},"featured_media":1364,"comment_status":"open","ping_status":"closed","template":"","meta":[],"product_cat":[21],"product_tag":[],"class_list":{"0":"post-1358","1":"product","2":"type-product","3":"status-publish","4":"has-post-thumbnail","6":"product_cat-le-tote-bag","7":"entry","9":"first","10":"instock","11":"sale","12":"shipping-taxable","13":"purchasable","14":"product-type-simple"},"jetpack_sharing_enabled":true,"_links":{"self":[{"href":"https:\/\/flodesaintbau.fr\/index.php\/wp-json\/wp\/v2\/product\/1358","targetHints":{"allow":["GET"]}}],"collection":[{"href":"https:\/\/flodesaintbau.fr\/index.php\/wp-json\/wp\/v2\/product"}],"about":[{"href":"https:\/\/flodesaintbau.fr\/index.php\/wp-json\/wp\/v2\/types\/product"}],"replies":[{"embeddable":true,"href":"https:\/\/flodesaintbau.fr\/index.php\/wp-json\/wp\/v2\/comments?post=1358"}],"wp:featuredmedia":[{"embeddable":true,"href":"https:\/\/flodesaintbau.fr\/index.php\/wp-json\/wp\/v2\/media\/1364"}],"wp:attachment":[{"href":"https:\/\/flodesaintbau.fr\/index.php\/wp-json\/wp\/v2\/media?parent=1358"}],"wp:term":[{"taxonomy":"product_cat","embeddable":true,"href":"https:\/\/flodesaintbau.fr\/index.php\/wp-json\/wp\/v2\/product_cat?post=1358"},{"taxonomy":"product_tag","embeddable":true,"href":"https:\/\/flodesaintbau.fr\/index.php\/wp-json\/wp\/v2\/product_tag?post=1358"}],"curies":[{"name":"wp","href":"https:\/\/api.w.org\/{rel}","templated":true}]}}