{"id":1344,"date":"2024-06-23T17:50:05","date_gmt":"2024-06-23T15:50:05","guid":{"rendered":"https:\/\/flodesaintbau.fr\/?post_type=product&#038;p=1344"},"modified":"2025-04-04T06:52:59","modified_gmt":"2025-04-04T04:52:59","slug":"le-bijou","status":"publish","type":"product","link":"https:\/\/flodesaintbau.fr\/index.php\/produit\/le-bijou\/","title":{"rendered":"Le Bijou"},"content":{"rendered":"<p>Superbe petite pochette en simili cuir bleu marine et jaune. Juste assez grande pour y glisser le n\u00e9cessaire, elle est super pratique car livr\u00e9e avec un jeu de 2 sangles : une sangle courte, assortie au sac, bleu marine avec des surpiqures jaunes, qui permet de porter la pochette \u00e0 l&rsquo;\u00e9paule ; ou la chaine avec son renfort en simili qui permet de porter le sac en bandouli\u00e8re. Le tout est facilement interchangeable gr\u00e2ce aux mousquetons. Le zip et la bouclerie dor\u00e9s lui donnent ce petit air pr\u00e9cieux que vous aimerez emmener en soir\u00e9e.<\/p>\n","protected":false},"excerpt":{"rendered":"<p>Superbe petite pochette en simili cuir bleu marine et jaune. Juste assez grande pour y glisser le n\u00e9cessaire, elle est super pratique car livr\u00e9e avec un jeu de 2 sangles : une sangle courte, assortie au sac, bleu marine avec des surpiqures jaunes, qui permet de porter la pochette \u00e0 l&rsquo;\u00e9paule ; ou la chaine&hellip; <a class=\"more-link\" href=\"https:\/\/flodesaintbau.fr\/index.php\/produit\/le-bijou\/\">Poursuivre la lecture <span class=\"screen-reader-text\">Le Bijou<\/span><\/a><\/p>\n","protected":false},"featured_media":1341,"comment_status":"open","ping_status":"closed","template":"","meta":[],"product_cat":[23],"product_tag":[],"class_list":{"0":"post-1344","1":"product","2":"type-product","3":"status-publish","4":"has-post-thumbnail","6":"product_cat-sac-a-main","7":"entry","9":"first","10":"instock","11":"sale","12":"shipping-taxable","13":"purchasable","14":"product-type-simple"},"jetpack_sharing_enabled":true,"_links":{"self":[{"href":"https:\/\/flodesaintbau.fr\/index.php\/wp-json\/wp\/v2\/product\/1344","targetHints":{"allow":["GET"]}}],"collection":[{"href":"https:\/\/flodesaintbau.fr\/index.php\/wp-json\/wp\/v2\/product"}],"about":[{"href":"https:\/\/flodesaintbau.fr\/index.php\/wp-json\/wp\/v2\/types\/product"}],"replies":[{"embeddable":true,"href":"https:\/\/flodesaintbau.fr\/index.php\/wp-json\/wp\/v2\/comments?post=1344"}],"wp:featuredmedia":[{"embeddable":true,"href":"https:\/\/flodesaintbau.fr\/index.php\/wp-json\/wp\/v2\/media\/1341"}],"wp:attachment":[{"href":"https:\/\/flodesaintbau.fr\/index.php\/wp-json\/wp\/v2\/media?parent=1344"}],"wp:term":[{"taxonomy":"product_cat","embeddable":true,"href":"https:\/\/flodesaintbau.fr\/index.php\/wp-json\/wp\/v2\/product_cat?post=1344"},{"taxonomy":"product_tag","embeddable":true,"href":"https:\/\/flodesaintbau.fr\/index.php\/wp-json\/wp\/v2\/product_tag?post=1344"}],"curies":[{"name":"wp","href":"https:\/\/api.w.org\/{rel}","templated":true}]}}