{"id":1191,"date":"2024-05-31T13:59:56","date_gmt":"2024-05-31T11:59:56","guid":{"rendered":"https:\/\/flodesaintbau.fr\/?post_type=product&#038;p=1191"},"modified":"2025-12-08T00:33:04","modified_gmt":"2025-12-07T23:33:04","slug":"le-seventies","status":"publish","type":"product","link":"https:\/\/flodesaintbau.fr\/index.php\/produit\/le-seventies\/","title":{"rendered":"Le Seventies"},"content":{"rendered":"<p>On a toujours besoin d\u2019un grand sac !<\/p>\n<p>Mais, parce que avoir un grand sac ne doit pas vouloir dire passer sa vie \u00e0 fouiller pour trouver ses affaires, celui-ci propose trois compartiments bien s\u00e9par\u00e9s dont une grande poche centrale zipp\u00e9e.<\/p>\n<p>Et parce que on aime avoir sous la main ses papiers, sa CB et son t\u00e9l\u00e9phone, une pochette bien pratique s\u2019y cache. Elle poss\u00e8de une dragonne en cuir qui permettra de l\u2019accrocher \u00e0 la patte pressionn\u00e9e situ\u00e9e \u00e0 l\u2019int\u00e9rieur du sac ou de la glisser autour de votre poignet pour aller faire une petite course.<\/p>\n<p>Des anses en cuir rivet\u00e9es finiront \u00e9l\u00e9gamment le sac.<\/p>\n<p>Du coton imprim\u00e9 bleu et kaki\u00a0 de la bachette bleu marine, de la toile \u00e0 sac kaki pour le dos, et de la bachette marine et coton imprim\u00e9 assorti pour l&rsquo;int\u00e9rieur, ce sac cabas saura vous s\u00e9duire avec son look Seventies chic.<\/p>\n<p>&nbsp;<\/p>\n","protected":false},"excerpt":{"rendered":"<p>On a toujours besoin d\u2019un grand sac ! Mais, parce que avoir un grand sac ne doit pas vouloir dire passer sa vie \u00e0 fouiller pour trouver ses affaires, celui-ci propose trois compartiments bien s\u00e9par\u00e9s dont une grande poche centrale zipp\u00e9e. Et parce que on aime avoir sous la main ses papiers, sa CB et&hellip; <a class=\"more-link\" href=\"https:\/\/flodesaintbau.fr\/index.php\/produit\/le-seventies\/\">Poursuivre la lecture <span class=\"screen-reader-text\">Le Seventies<\/span><\/a><\/p>\n","protected":false},"featured_media":1192,"comment_status":"open","ping_status":"closed","template":"","meta":[],"product_cat":[18],"product_tag":[],"class_list":{"0":"post-1191","1":"product","2":"type-product","3":"status-publish","4":"has-post-thumbnail","6":"product_cat-sac-cabas","7":"entry","9":"first","10":"instock","11":"shipping-taxable","12":"purchasable","13":"product-type-simple"},"jetpack_sharing_enabled":true,"_links":{"self":[{"href":"https:\/\/flodesaintbau.fr\/index.php\/wp-json\/wp\/v2\/product\/1191","targetHints":{"allow":["GET"]}}],"collection":[{"href":"https:\/\/flodesaintbau.fr\/index.php\/wp-json\/wp\/v2\/product"}],"about":[{"href":"https:\/\/flodesaintbau.fr\/index.php\/wp-json\/wp\/v2\/types\/product"}],"replies":[{"embeddable":true,"href":"https:\/\/flodesaintbau.fr\/index.php\/wp-json\/wp\/v2\/comments?post=1191"}],"wp:featuredmedia":[{"embeddable":true,"href":"https:\/\/flodesaintbau.fr\/index.php\/wp-json\/wp\/v2\/media\/1192"}],"wp:attachment":[{"href":"https:\/\/flodesaintbau.fr\/index.php\/wp-json\/wp\/v2\/media?parent=1191"}],"wp:term":[{"taxonomy":"product_cat","embeddable":true,"href":"https:\/\/flodesaintbau.fr\/index.php\/wp-json\/wp\/v2\/product_cat?post=1191"},{"taxonomy":"product_tag","embeddable":true,"href":"https:\/\/flodesaintbau.fr\/index.php\/wp-json\/wp\/v2\/product_tag?post=1191"}],"curies":[{"name":"wp","href":"https:\/\/api.w.org\/{rel}","templated":true}]}}