{"id":115,"date":"2024-05-12T20:09:02","date_gmt":"2024-05-12T18:09:02","guid":{"rendered":"https:\/\/flodesaintbau.fr\/?post_type=product&#038;p=115"},"modified":"2025-04-04T06:38:07","modified_gmt":"2025-04-04T04:38:07","slug":"tote-bag-1","status":"publish","type":"product","link":"https:\/\/flodesaintbau.fr\/index.php\/produit\/tote-bag-1\/","title":{"rendered":"L&rsquo;ethnique"},"content":{"rendered":"<p>Le grand classique, qu\u2019on peut tra\u00eener partout\u2026 Le Tote Bag ici sera toujours dans des mati\u00e8res de qualit\u00e9, doubl\u00e9, avec une poche int\u00e9rieure zipp\u00e9e.<\/p>\n<p>Des couleurs chatoyantes, une doublure ensoleill\u00e9e, et des anses color\u00e9es , L&rsquo;Ethnique apportera de la couleur dans votre vie.<\/p>\n<p>dimensions approximatives : larg 30 cm haut 34 cm prof 10 cm<\/p>\n<p>..<\/p>\n","protected":false},"excerpt":{"rendered":"<p>Le grand classique, qu\u2019on peut tra\u00eener partout\u2026 Le Tote Bag ici sera toujours dans des mati\u00e8res de qualit\u00e9, doubl\u00e9, avec une poche int\u00e9rieure zipp\u00e9e. Des couleurs chatoyantes, une doublure ensoleill\u00e9e, et des anses color\u00e9es , L&rsquo;Ethnique apportera de la couleur dans votre vie. dimensions approximatives : larg 30 cm haut 34 cm prof 10 cm&hellip; <a class=\"more-link\" href=\"https:\/\/flodesaintbau.fr\/index.php\/produit\/tote-bag-1\/\">Poursuivre la lecture <span class=\"screen-reader-text\">L&rsquo;ethnique<\/span><\/a><\/p>\n","protected":false},"featured_media":553,"comment_status":"open","ping_status":"closed","template":"","meta":[],"product_cat":[21],"product_tag":[],"class_list":{"0":"post-115","1":"product","2":"type-product","3":"status-publish","4":"has-post-thumbnail","6":"product_cat-le-tote-bag","7":"entry","9":"first","10":"instock","11":"sale","12":"shipping-taxable","13":"purchasable","14":"product-type-simple"},"jetpack_sharing_enabled":true,"_links":{"self":[{"href":"https:\/\/flodesaintbau.fr\/index.php\/wp-json\/wp\/v2\/product\/115","targetHints":{"allow":["GET"]}}],"collection":[{"href":"https:\/\/flodesaintbau.fr\/index.php\/wp-json\/wp\/v2\/product"}],"about":[{"href":"https:\/\/flodesaintbau.fr\/index.php\/wp-json\/wp\/v2\/types\/product"}],"replies":[{"embeddable":true,"href":"https:\/\/flodesaintbau.fr\/index.php\/wp-json\/wp\/v2\/comments?post=115"}],"wp:featuredmedia":[{"embeddable":true,"href":"https:\/\/flodesaintbau.fr\/index.php\/wp-json\/wp\/v2\/media\/553"}],"wp:attachment":[{"href":"https:\/\/flodesaintbau.fr\/index.php\/wp-json\/wp\/v2\/media?parent=115"}],"wp:term":[{"taxonomy":"product_cat","embeddable":true,"href":"https:\/\/flodesaintbau.fr\/index.php\/wp-json\/wp\/v2\/product_cat?post=115"},{"taxonomy":"product_tag","embeddable":true,"href":"https:\/\/flodesaintbau.fr\/index.php\/wp-json\/wp\/v2\/product_tag?post=115"}],"curies":[{"name":"wp","href":"https:\/\/api.w.org\/{rel}","templated":true}]}}