{"id":1019,"date":"2024-05-27T10:36:06","date_gmt":"2024-05-27T08:36:06","guid":{"rendered":"https:\/\/flodesaintbau.fr\/?post_type=product&#038;p=1019"},"modified":"2025-07-11T06:59:08","modified_gmt":"2025-07-11T04:59:08","slug":"le-petit-elegant","status":"publish","type":"product","link":"https:\/\/flodesaintbau.fr\/index.php\/produit\/le-petit-elegant\/","title":{"rendered":"Le Petit Elegant"},"content":{"rendered":"<p>En simili cuir bleu, tissu g\u00e9om\u00e9trique mordor\u00e9, avec sa doublure en tissu japonais, sa poche int\u00e9rieure zipp\u00e9 et sa chaine bandouli\u00e8re dor\u00e9e, ce petit sac accompagnera \u00e9l\u00e9gamment vos sorties.<\/p>\n<p>&nbsp;<\/p>\n<p><em>Patron Sac Makalaya de Deja designs<\/em><\/p>\n","protected":false},"excerpt":{"rendered":"<p>En simili cuir bleu, tissu g\u00e9om\u00e9trique mordor\u00e9, avec sa doublure en tissu japonais, sa poche int\u00e9rieure zipp\u00e9 et sa chaine bandouli\u00e8re dor\u00e9e, ce petit sac accompagnera \u00e9l\u00e9gamment vos sorties. &nbsp; Patron Sac Makalaya de Deja designs<\/p>\n","protected":false},"featured_media":1020,"comment_status":"open","ping_status":"closed","template":"","meta":[],"product_cat":[46],"product_tag":[],"class_list":{"0":"post-1019","1":"product","2":"type-product","3":"status-publish","4":"has-post-thumbnail","6":"product_cat-trop-tard","7":"entry","9":"first","10":"outofstock","11":"shipping-taxable","12":"purchasable","13":"product-type-simple"},"jetpack_sharing_enabled":true,"_links":{"self":[{"href":"https:\/\/flodesaintbau.fr\/index.php\/wp-json\/wp\/v2\/product\/1019","targetHints":{"allow":["GET"]}}],"collection":[{"href":"https:\/\/flodesaintbau.fr\/index.php\/wp-json\/wp\/v2\/product"}],"about":[{"href":"https:\/\/flodesaintbau.fr\/index.php\/wp-json\/wp\/v2\/types\/product"}],"replies":[{"embeddable":true,"href":"https:\/\/flodesaintbau.fr\/index.php\/wp-json\/wp\/v2\/comments?post=1019"}],"wp:featuredmedia":[{"embeddable":true,"href":"https:\/\/flodesaintbau.fr\/index.php\/wp-json\/wp\/v2\/media\/1020"}],"wp:attachment":[{"href":"https:\/\/flodesaintbau.fr\/index.php\/wp-json\/wp\/v2\/media?parent=1019"}],"wp:term":[{"taxonomy":"product_cat","embeddable":true,"href":"https:\/\/flodesaintbau.fr\/index.php\/wp-json\/wp\/v2\/product_cat?post=1019"},{"taxonomy":"product_tag","embeddable":true,"href":"https:\/\/flodesaintbau.fr\/index.php\/wp-json\/wp\/v2\/product_tag?post=1019"}],"curies":[{"name":"wp","href":"https:\/\/api.w.org\/{rel}","templated":true}]}}