{"id":493,"date":"2024-05-20T12:23:23","date_gmt":"2024-05-20T10:23:23","guid":{"rendered":"https:\/\/flodesaintbau.fr\/?page_id=493"},"modified":"2024-07-21T18:55:13","modified_gmt":"2024-07-21T16:55:13","slug":"contact-2","status":"publish","type":"page","link":"https:\/\/flodesaintbau.fr\/index.php\/contact-2\/","title":{"rendered":"Contact"},"content":{"rendered":"\t\t<div data-elementor-type=\"wp-page\" data-elementor-id=\"493\" class=\"elementor elementor-493\">\n\t\t\t\t<div class=\"elementor-element elementor-element-66cbf19 e-flex e-con-boxed e-con e-parent\" data-id=\"66cbf19\" data-element_type=\"container\">\n\t\t\t\t\t<div class=\"e-con-inner\">\n\t\t\t\t<div class=\"elementor-element elementor-element-42fee8e elementor-widget elementor-widget-text-editor\" data-id=\"42fee8e\" data-element_type=\"widget\" data-widget_type=\"text-editor.default\">\n\t\t\t\t<div class=\"elementor-widget-container\">\n\t\t\t\t\t\t\t<p>Je serai heureuse de r\u00e9pondre \u00e0 vos questions et de pr\u00e9parer avec vous votre commande personnalis\u00e9e.<\/p>\n<p>Vous pouvez me suivre sur ma page Facebook :&nbsp;<\/p>\n<p><a href=\"https:\/\/www.facebook.com\/flo.de.saint.bau.couture\">Flo De Saint Bau Cr\u00e9ations&nbsp;<\/a><\/p>\n<p>et sur Instagram : <a href=\"https:\/\/www.instagram.com\/flodesaintbau_creations\/?fbclid=IwZXh0bgNhZW0CMTAAAR2AGuKC3AF_dPl_8Sv91R5yss3isMXqHBUHTpQWT38SA4ZmsqLjZoUSWPg_aem_AWxYWZqcmNEyl3tYsylkgfiPLrSIKuZ8mb-DKxrI7aBqcczvdXNOqUnac5-A-_BsHhY-oE6GFR7qnqWZhRyfGc5D\">flodesaintbau_creations<\/a><\/p>\n<p><br><\/p>\n<p>Pour un premier contact, privil\u00e9giez le mail : <a href=\"mailto:creations@flodesaintbau.fr\">creations@flodesaintbau.fr<\/a><\/p>\n<p>T\u00e9l\u00e9phone : 07 49 40 95 99<\/p>\n<p>A bient\u00f4t !<\/p>\t\t\t\t\t\t<\/div>\n\t\t\t\t<\/div>\n\t\t\t\t\t<\/div>\n\t\t\t\t<\/div>\n\t\t\t\t<\/div>\n\t\t","protected":false},"excerpt":{"rendered":"<p>Je serai heureuse de r\u00e9pondre \u00e0 vos questions et de pr\u00e9parer avec vous votre commande personnalis\u00e9e. Vous pouvez me suivre sur ma page Facebook :&nbsp; Flo De Saint Bau Cr\u00e9ations&nbsp; et sur Instagram : flodesaintbau_creations Pour un premier contact, privil\u00e9giez le mail : creations@flodesaintbau.fr T\u00e9l\u00e9phone : 07 49 40 95 99 A bient\u00f4t !<\/p>\n","protected":false},"author":1,"featured_media":0,"parent":0,"menu_order":0,"comment_status":"closed","ping_status":"closed","template":"","meta":{"footnotes":""},"class_list":["post-493","page","type-page","status-publish","hentry","entry"],"jetpack_sharing_enabled":true,"_links":{"self":[{"href":"https:\/\/flodesaintbau.fr\/index.php\/wp-json\/wp\/v2\/pages\/493","targetHints":{"allow":["GET"]}}],"collection":[{"href":"https:\/\/flodesaintbau.fr\/index.php\/wp-json\/wp\/v2\/pages"}],"about":[{"href":"https:\/\/flodesaintbau.fr\/index.php\/wp-json\/wp\/v2\/types\/page"}],"author":[{"embeddable":true,"href":"https:\/\/flodesaintbau.fr\/index.php\/wp-json\/wp\/v2\/users\/1"}],"replies":[{"embeddable":true,"href":"https:\/\/flodesaintbau.fr\/index.php\/wp-json\/wp\/v2\/comments?post=493"}],"version-history":[{"count":16,"href":"https:\/\/flodesaintbau.fr\/index.php\/wp-json\/wp\/v2\/pages\/493\/revisions"}],"predecessor-version":[{"id":1893,"href":"https:\/\/flodesaintbau.fr\/index.php\/wp-json\/wp\/v2\/pages\/493\/revisions\/1893"}],"wp:attachment":[{"href":"https:\/\/flodesaintbau.fr\/index.php\/wp-json\/wp\/v2\/media?parent=493"}],"curies":[{"name":"wp","href":"https:\/\/api.w.org\/{rel}","templated":true}]}}