{"id":48,"date":"2024-04-10T20:25:21","date_gmt":"2024-04-10T18:25:21","guid":{"rendered":"https:\/\/flodesaintbau.fr\/index.php\/panier\/"},"modified":"2024-04-10T20:25:21","modified_gmt":"2024-04-10T18:25:21","slug":"panier","status":"publish","type":"page","link":"https:\/\/flodesaintbau.fr\/index.php\/panier\/","title":{"rendered":"Panier"},"content":{"rendered":"<div data-block-name=\"woocommerce\/cart\" class=\"wp-block-woocommerce-cart alignwide is-loading\"><div data-block-name=\"woocommerce\/filled-cart-block\" class=\"wp-block-woocommerce-filled-cart-block\"><div data-block-name=\"woocommerce\/cart-items-block\" class=\"wp-block-woocommerce-cart-items-block\"><div data-block-name=\"woocommerce\/cart-line-items-block\" class=\"wp-block-woocommerce-cart-line-items-block\"><\/div>\n\n<div data-block-name=\"woocommerce\/cart-cross-sells-block\" class=\"wp-block-woocommerce-cart-cross-sells-block\"><h2 class=\"wp-block-heading has-large-font-size\">\u00c7a peut vous int\u00e9resser&#8230;<\/h2>\n\n<div data-block-name=\"woocommerce\/cart-cross-sells-products-block\" class=\"wp-block-woocommerce-cart-cross-sells-products-block\"><\/div><\/div><\/div>\n\n<div data-block-name=\"woocommerce\/cart-totals-block\" class=\"wp-block-woocommerce-cart-totals-block\"><div data-block-name=\"woocommerce\/cart-order-summary-block\" class=\"wp-block-woocommerce-cart-order-summary-block\"><div data-block-name=\"woocommerce\/cart-order-summary-heading-block\" class=\"wp-block-woocommerce-cart-order-summary-heading-block\"><\/div><div data-block-name=\"woocommerce\/cart-order-summary-coupon-form-block\" class=\"wp-block-woocommerce-cart-order-summary-coupon-form-block\"><\/div><div data-block-name=\"woocommerce\/cart-order-summary-totals-block\" class=\"wp-block-woocommerce-cart-order-summary-totals-block\">\n<div data-block-name=\"woocommerce\/cart-order-summary-subtotal-block\" class=\"wp-block-woocommerce-cart-order-summary-subtotal-block\"><\/div>\n<div data-block-name=\"woocommerce\/cart-order-summary-discount-block\" class=\"wp-block-woocommerce-cart-order-summary-discount-block\"><\/div>\n<div data-block-name=\"woocommerce\/cart-order-summary-fee-block\" class=\"wp-block-woocommerce-cart-order-summary-fee-block\"><\/div>\n<div data-block-name=\"woocommerce\/cart-order-summary-shipping-block\" class=\"wp-block-woocommerce-cart-order-summary-shipping-block\"><\/div>\n<div data-block-name=\"woocommerce\/cart-order-summary-taxes-block\" class=\"wp-block-woocommerce-cart-order-summary-taxes-block\"><\/div><\/div><\/div>\n\n<div data-block-name=\"woocommerce\/cart-express-payment-block\" class=\"wp-block-woocommerce-cart-express-payment-block\"><\/div>\n\n<div data-block-name=\"woocommerce\/proceed-to-checkout-block\" class=\"wp-block-woocommerce-proceed-to-checkout-block\"><\/div>\n\n<div data-block-name=\"woocommerce\/cart-accepted-payment-methods-block\" class=\"wp-block-woocommerce-cart-accepted-payment-methods-block\"><\/div><\/div><\/div>\n\n<div data-block-name=\"woocommerce\/empty-cart-block\" class=\"wp-block-woocommerce-empty-cart-block\"><h2 class=\"wp-block-heading has-text-align-center with-empty-cart-icon wc-block-cart__empty-cart__title\">Votre panier est actuellement vide\u00a0!<\/h2>\n\n<hr class=\"wp-block-separator has-alpha-channel-opacity is-style-dots\"\/>\n\n<h2 class=\"wp-block-heading has-text-align-center\">Nouveau dans la boutique<\/h2>\n\n<div data-block-name=\"woocommerce\/product-new\" data-columns=\"4\" data-rows=\"1\" class=\"wc-block-grid wp-block-product-new wc-block-product-new has-4-columns\"><ul class=\"wc-block-grid__products\"><li class=\"wc-block-grid__product\">\n\t\t\t\t<a href=\"https:\/\/flodesaintbau.fr\/index.php\/produit\/porte-cles\/\" class=\"wc-block-grid__product-link\">\n\t\t\t\t\t\n\t\t\t\t\t<div class=\"wc-block-grid__product-image\"><img fetchpriority=\"high\" decoding=\"async\" width=\"450\" height=\"450\" src=\"https:\/\/flodesaintbau.fr\/wp-content\/uploads\/2025\/12\/1000032760-450x450.jpg\" class=\"attachment-woocommerce_thumbnail size-woocommerce_thumbnail\" alt=\"Porte cl\u00e9s\" srcset=\"https:\/\/flodesaintbau.fr\/wp-content\/uploads\/2025\/12\/1000032760-450x450.jpg 450w, https:\/\/flodesaintbau.fr\/wp-content\/uploads\/2025\/12\/1000032760-150x150.jpg 150w, https:\/\/flodesaintbau.fr\/wp-content\/uploads\/2025\/12\/1000032760-100x100.jpg 100w\" sizes=\"(max-width: 450px) 100vw, 450px\" style=\"width:100%;height:108.69%;max-width:1404px;\" \/><\/div>\n\t\t\t\t\t<div class=\"wc-block-grid__product-title\">Porte cl\u00e9s<\/div>\n\t\t\t\t<\/a>\n\t\t\t\t<div class=\"wc-block-grid__product-price price\"><span class=\"woocommerce-Price-amount amount\">5,00&nbsp;<span class=\"woocommerce-Price-currencySymbol\">&euro;<\/span><\/span><\/div>\n\t\t\t\t\n\t\t\t\t<div class=\"wp-block-button wc-block-grid__product-add-to-cart\"><a href=\"https:\/\/flodesaintbau.fr\/index.php\/produit\/porte-cles\/\" aria-label=\"S\u00e9lectionner les options pour &ldquo;Porte cl\u00e9s&rdquo;\" data-quantity=\"1\" data-product_id=\"2535\" data-product_sku=\"\" data-price=\"5\" rel=\"nofollow\" class=\"wp-block-button__link  add_to_cart_button\">Choix des options<\/a><\/div>\n\t\t\t<\/li><li class=\"wc-block-grid__product\">\n\t\t\t\t<a href=\"https:\/\/flodesaintbau.fr\/index.php\/produit\/pochette-a-livre-ou-a-liseuse\/\" class=\"wc-block-grid__product-link\">\n\t\t\t\t\t\n\t\t\t\t\t<div class=\"wc-block-grid__product-image\"><img decoding=\"async\" width=\"450\" height=\"450\" src=\"https:\/\/flodesaintbau.fr\/wp-content\/uploads\/2025\/12\/1000032656-1-450x450.jpg\" class=\"attachment-woocommerce_thumbnail size-woocommerce_thumbnail\" alt=\"Pochette \u00e0 livre ou \u00e0 liseuse\" srcset=\"https:\/\/flodesaintbau.fr\/wp-content\/uploads\/2025\/12\/1000032656-1-450x450.jpg 450w, https:\/\/flodesaintbau.fr\/wp-content\/uploads\/2025\/12\/1000032656-1-150x150.jpg 150w, https:\/\/flodesaintbau.fr\/wp-content\/uploads\/2025\/12\/1000032656-1-100x100.jpg 100w\" sizes=\"(max-width: 450px) 100vw, 450px\" style=\"width:100%;height:65.7%;max-width:2560px;\" \/><\/div>\n\t\t\t\t\t<div class=\"wc-block-grid__product-title\">Pochette \u00e0 livre ou \u00e0 liseuse<\/div>\n\t\t\t\t<\/a>\n\t\t\t\t<div class=\"wc-block-grid__product-price price\"><span class=\"woocommerce-Price-amount amount\">18,00&nbsp;<span class=\"woocommerce-Price-currencySymbol\">&euro;<\/span><\/span><\/div>\n\t\t\t\t\n\t\t\t\t<div class=\"wp-block-button wc-block-grid__product-add-to-cart\"><a href=\"https:\/\/flodesaintbau.fr\/index.php\/produit\/pochette-a-livre-ou-a-liseuse\/\" aria-label=\"S\u00e9lectionner les options pour &ldquo;Pochette \u00e0 livre ou \u00e0 liseuse&rdquo;\" data-quantity=\"1\" data-product_id=\"2518\" data-product_sku=\"\" data-price=\"18\" rel=\"nofollow\" class=\"wp-block-button__link  add_to_cart_button\">Choix des options<\/a><\/div>\n\t\t\t<\/li><li class=\"wc-block-grid__product\">\n\t\t\t\t<a href=\"https:\/\/flodesaintbau.fr\/index.php\/produit\/le-blue-lagoon\/\" class=\"wc-block-grid__product-link\">\n\t\t\t\t\t\n\t\t\t\t\t<div class=\"wc-block-grid__product-image\"><img decoding=\"async\" width=\"450\" height=\"450\" src=\"https:\/\/flodesaintbau.fr\/wp-content\/uploads\/2025\/07\/1000022186-450x450.jpg\" class=\"attachment-woocommerce_thumbnail size-woocommerce_thumbnail\" alt=\"Le Blue Lagoon\" srcset=\"https:\/\/flodesaintbau.fr\/wp-content\/uploads\/2025\/07\/1000022186-450x450.jpg 450w, https:\/\/flodesaintbau.fr\/wp-content\/uploads\/2025\/07\/1000022186-150x150.jpg 150w, https:\/\/flodesaintbau.fr\/wp-content\/uploads\/2025\/07\/1000022186-100x100.jpg 100w\" sizes=\"(max-width: 450px) 100vw, 450px\" style=\"width:100%;height:133.33%;max-width:1152px;\" \/><\/div>\n\t\t\t\t\t<div class=\"wc-block-grid__product-title\">Le Blue Lagoon<\/div>\n\t\t\t\t<\/a>\n\t\t\t\t<div class=\"wc-block-grid__product-price price\"><span class=\"woocommerce-Price-amount amount\">40,00&nbsp;<span class=\"woocommerce-Price-currencySymbol\">&euro;<\/span><\/span><\/div>\n\t\t\t\t\n\t\t\t\t<div class=\"wp-block-button wc-block-grid__product-add-to-cart\"><a href=\"?add-to-cart=2476\" aria-label=\"Ajouter au panier\u00a0: &ldquo;Le Blue Lagoon&rdquo;\" data-quantity=\"1\" data-product_id=\"2476\" data-product_sku=\"\" data-price=\"40\" rel=\"nofollow\" class=\"wp-block-button__link  add_to_cart_button ajax_add_to_cart\">Ajouter au panier<\/a><\/div>\n\t\t\t<\/li><li class=\"wc-block-grid__product\">\n\t\t\t\t<a href=\"https:\/\/flodesaintbau.fr\/index.php\/produit\/jean-paillete\/\" class=\"wc-block-grid__product-link\">\n\t\t\t\t\t\n\t\t\t\t\t<div class=\"wc-block-grid__product-image\"><img loading=\"lazy\" decoding=\"async\" width=\"450\" height=\"450\" src=\"https:\/\/flodesaintbau.fr\/wp-content\/uploads\/2025\/06\/1000021515-450x450.jpg\" class=\"attachment-woocommerce_thumbnail size-woocommerce_thumbnail\" alt=\"Jean paillet\u00e9\" srcset=\"https:\/\/flodesaintbau.fr\/wp-content\/uploads\/2025\/06\/1000021515-450x450.jpg 450w, https:\/\/flodesaintbau.fr\/wp-content\/uploads\/2025\/06\/1000021515-300x300.jpg 300w, https:\/\/flodesaintbau.fr\/wp-content\/uploads\/2025\/06\/1000021515-1024x1024.jpg 1024w, https:\/\/flodesaintbau.fr\/wp-content\/uploads\/2025\/06\/1000021515-150x150.jpg 150w, https:\/\/flodesaintbau.fr\/wp-content\/uploads\/2025\/06\/1000021515-768x768.jpg 768w, https:\/\/flodesaintbau.fr\/wp-content\/uploads\/2025\/06\/1000021515-1536x1536.jpg 1536w, https:\/\/flodesaintbau.fr\/wp-content\/uploads\/2025\/06\/1000021515-2048x2048.jpg 2048w, https:\/\/flodesaintbau.fr\/wp-content\/uploads\/2025\/06\/1000021515-1568x1568.jpg 1568w, https:\/\/flodesaintbau.fr\/wp-content\/uploads\/2025\/06\/1000021515-1320x1320.jpg 1320w, https:\/\/flodesaintbau.fr\/wp-content\/uploads\/2025\/06\/1000021515-600x600.jpg 600w, https:\/\/flodesaintbau.fr\/wp-content\/uploads\/2025\/06\/1000021515-100x100.jpg 100w\" sizes=\"(max-width: 450px) 100vw, 450px\" style=\"width:100%;height:100%;max-width:2560px;\" \/><\/div>\n\t\t\t\t\t<div class=\"wc-block-grid__product-title\">Jean paillet\u00e9<\/div>\n\t\t\t\t<\/a>\n\t\t\t\t<div class=\"wc-block-grid__product-price price\"><span class=\"woocommerce-Price-amount amount\">25,00&nbsp;<span class=\"woocommerce-Price-currencySymbol\">&euro;<\/span><\/span><\/div>\n\t\t\t\t\n\t\t\t\t<div class=\"wp-block-button wc-block-grid__product-add-to-cart\"><a href=\"?add-to-cart=2448\" aria-label=\"Ajouter au panier\u00a0: &ldquo;Jean paillet\u00e9&rdquo;\" data-quantity=\"1\" data-product_id=\"2448\" data-product_sku=\"\" data-price=\"25\" rel=\"nofollow\" class=\"wp-block-button__link  add_to_cart_button ajax_add_to_cart\">Ajouter au panier<\/a><\/div>\n\t\t\t<\/li><\/ul><\/div><\/div><\/div>","protected":false},"excerpt":{"rendered":"","protected":false},"author":1,"featured_media":0,"parent":0,"menu_order":0,"comment_status":"closed","ping_status":"closed","template":"","meta":{"footnotes":""},"class_list":["post-48","page","type-page","status-publish","hentry","entry"],"jetpack_sharing_enabled":true,"_links":{"self":[{"href":"https:\/\/flodesaintbau.fr\/index.php\/wp-json\/wp\/v2\/pages\/48","targetHints":{"allow":["GET"]}}],"collection":[{"href":"https:\/\/flodesaintbau.fr\/index.php\/wp-json\/wp\/v2\/pages"}],"about":[{"href":"https:\/\/flodesaintbau.fr\/index.php\/wp-json\/wp\/v2\/types\/page"}],"author":[{"embeddable":true,"href":"https:\/\/flodesaintbau.fr\/index.php\/wp-json\/wp\/v2\/users\/1"}],"replies":[{"embeddable":true,"href":"https:\/\/flodesaintbau.fr\/index.php\/wp-json\/wp\/v2\/comments?post=48"}],"version-history":[{"count":0,"href":"https:\/\/flodesaintbau.fr\/index.php\/wp-json\/wp\/v2\/pages\/48\/revisions"}],"wp:attachment":[{"href":"https:\/\/flodesaintbau.fr\/index.php\/wp-json\/wp\/v2\/media?parent=48"}],"curies":[{"name":"wp","href":"https:\/\/api.w.org\/{rel}","templated":true}]}}