{"id":375,"date":"2024-05-20T08:25:46","date_gmt":"2024-05-20T06:25:46","guid":{"rendered":"https:\/\/flodesaintbau.fr\/?page_id=375"},"modified":"2024-12-16T06:59:51","modified_gmt":"2024-12-16T05:59:51","slug":"sur-commande","status":"publish","type":"page","link":"https:\/\/flodesaintbau.fr\/index.php\/sur-commande\/","title":{"rendered":"Sur Commande"},"content":{"rendered":"\t\t<div data-elementor-type=\"wp-page\" data-elementor-id=\"375\" class=\"elementor elementor-375\">\n\t\t\t\t<div class=\"elementor-element elementor-element-cf19f63 e-flex e-con-boxed e-con e-parent\" data-id=\"cf19f63\" data-element_type=\"container\">\n\t\t\t\t\t<div class=\"e-con-inner\">\n\t\t\t\t<div class=\"elementor-element elementor-element-7d46f91 elementor-widget elementor-widget-text-editor\" data-id=\"7d46f91\" data-element_type=\"widget\" data-widget_type=\"text-editor.default\">\n\t\t\t\t<div class=\"elementor-widget-container\">\n\t\t\t\t\t\t\t<p><span style=\"font-family: var(--list--font-family); color: var( --e-global-color-text ); font-weight: var( --e-global-typography-text-font-weight ); text-align: var(--text-align); font-size: var(--global--font-size-base);\">Un sac vous a plu sur le site, mais vous aimeriez quelques modifications, ou des couleurs diff\u00e9rentes.<\/span><\/p><p><span style=\"font-family: var(--list--font-family); color: var( --e-global-color-text ); font-weight: var( --e-global-typography-text-font-weight ); text-align: var(--text-align); font-size: var(--global--font-size-base);\">Vous avez une id\u00e9e bien pr\u00e9cise de ce que vous voulez ou pas du tout.<\/span><\/p><p><span style=\"font-family: var(--list--font-family); color: var( --e-global-color-text ); font-weight: var( --e-global-typography-text-font-weight ); text-align: var(--text-align); font-size: var(--global--font-size-base);\">Vous aimeriez un sac pour une occasion bien particuli\u00e8re.<\/span><\/p><p><span style=\"font-family: var(--list--font-family); color: var( --e-global-color-text ); font-weight: var( --e-global-typography-text-font-weight ); text-align: var(--text-align); font-size: var(--global--font-size-base);\">N&rsquo;h\u00e9sitez pas \u00e0 <a href=\"https:\/\/flodesaintbau.fr\/index.php\/contact-2\/\"><span style=\"text-decoration: underline;\">me contacter<\/span> <\/a>pour que nous en discutions.\u00a0<\/span><\/p><p><span style=\"font-family: -apple-system, BlinkMacSystemFont, Segoe UI, Roboto, Oxygen-Sans, Ubuntu, Cantarell, Helvetica Neue, sans-serif;\">Je r\u00e9aliserai votre commande le plus rapidement possible, en g\u00e9n\u00e9ral en une semaine. N\u00e9anmoins, selon le projet et la p\u00e9riode de l&rsquo;ann\u00e9e, le d\u00e9lai de r\u00e9alisation peut aller jusqu&rsquo;\u00e0 3 semaines.\u00a0<\/span><\/p><p><span style=\"font-family: -apple-system, BlinkMacSystemFont, Segoe UI, Roboto, Oxygen-Sans, Ubuntu, Cantarell, Helvetica Neue, sans-serif;\">Vous pourrez voir ci dessous quelques exemples ce que j&rsquo;ai d\u00e9j\u00e0 r\u00e9alis\u00e9s sur commande.<\/span><\/p>\t\t\t\t\t\t<\/div>\n\t\t\t\t<\/div>\n\t\t\t\t\t<\/div>\n\t\t\t\t<\/div>\n\t\t<div class=\"elementor-element elementor-element-165c911 e-flex e-con-boxed e-con e-parent\" data-id=\"165c911\" data-element_type=\"container\">\n\t\t\t\t\t<div class=\"e-con-inner\">\n\t\t<div class=\"elementor-element elementor-element-e78c4a4 e-con-full e-flex e-con e-child\" data-id=\"e78c4a4\" data-element_type=\"container\">\n\t\t\t\t<div class=\"elementor-element elementor-element-d36767f elementor-widget elementor-widget-image\" data-id=\"d36767f\" data-element_type=\"widget\" data-widget_type=\"image.default\">\n\t\t\t\t<div class=\"elementor-widget-container\">\n\t\t\t\t\t\t\t\t\t\t\t\t\t<img fetchpriority=\"high\" decoding=\"async\" width=\"300\" height=\"300\" src=\"https:\/\/flodesaintbau.fr\/wp-content\/uploads\/2024\/05\/20240530_203058-300x300.jpg\" class=\"attachment-medium size-medium wp-image-1169\" alt=\"\" srcset=\"https:\/\/flodesaintbau.fr\/wp-content\/uploads\/2024\/05\/20240530_203058-300x300.jpg 300w, https:\/\/flodesaintbau.fr\/wp-content\/uploads\/2024\/05\/20240530_203058-1024x1024.jpg 1024w, https:\/\/flodesaintbau.fr\/wp-content\/uploads\/2024\/05\/20240530_203058-150x150.jpg 150w, https:\/\/flodesaintbau.fr\/wp-content\/uploads\/2024\/05\/20240530_203058-768x768.jpg 768w, https:\/\/flodesaintbau.fr\/wp-content\/uploads\/2024\/05\/20240530_203058-1536x1536.jpg 1536w, https:\/\/flodesaintbau.fr\/wp-content\/uploads\/2024\/05\/20240530_203058-2048x2048.jpg 2048w, https:\/\/flodesaintbau.fr\/wp-content\/uploads\/2024\/05\/20240530_203058-1568x1568.jpg 1568w, https:\/\/flodesaintbau.fr\/wp-content\/uploads\/2024\/05\/20240530_203058-1320x1320.jpg 1320w, https:\/\/flodesaintbau.fr\/wp-content\/uploads\/2024\/05\/20240530_203058-450x450.jpg 450w, https:\/\/flodesaintbau.fr\/wp-content\/uploads\/2024\/05\/20240530_203058-600x600.jpg 600w, https:\/\/flodesaintbau.fr\/wp-content\/uploads\/2024\/05\/20240530_203058-100x100.jpg 100w\" sizes=\"(max-width: 300px) 100vw, 300px\" style=\"width:100%;height:100%;max-width:2560px\" \/>\t\t\t\t\t\t\t\t\t\t\t\t\t<\/div>\n\t\t\t\t<\/div>\n\t\t\t\t<\/div>\n\t\t<div class=\"elementor-element elementor-element-f464540 e-con-full e-flex e-con e-child\" data-id=\"f464540\" data-element_type=\"container\">\n\t\t\t\t<div class=\"elementor-element elementor-element-29cc413 elementor-widget elementor-widget-image\" data-id=\"29cc413\" data-element_type=\"widget\" data-widget_type=\"image.default\">\n\t\t\t\t<div class=\"elementor-widget-container\">\n\t\t\t\t\t\t\t\t\t\t\t\t\t<img decoding=\"async\" width=\"300\" height=\"300\" src=\"https:\/\/flodesaintbau.fr\/wp-content\/uploads\/2024\/05\/20231225_192507-300x300.jpg\" class=\"attachment-medium size-medium wp-image-1136\" alt=\"\" srcset=\"https:\/\/flodesaintbau.fr\/wp-content\/uploads\/2024\/05\/20231225_192507-300x300.jpg 300w, https:\/\/flodesaintbau.fr\/wp-content\/uploads\/2024\/05\/20231225_192507-1024x1024.jpg 1024w, https:\/\/flodesaintbau.fr\/wp-content\/uploads\/2024\/05\/20231225_192507-150x150.jpg 150w, https:\/\/flodesaintbau.fr\/wp-content\/uploads\/2024\/05\/20231225_192507-768x768.jpg 768w, https:\/\/flodesaintbau.fr\/wp-content\/uploads\/2024\/05\/20231225_192507-1536x1536.jpg 1536w, https:\/\/flodesaintbau.fr\/wp-content\/uploads\/2024\/05\/20231225_192507-2048x2048.jpg 2048w, https:\/\/flodesaintbau.fr\/wp-content\/uploads\/2024\/05\/20231225_192507-1568x1568.jpg 1568w, https:\/\/flodesaintbau.fr\/wp-content\/uploads\/2024\/05\/20231225_192507-1320x1320.jpg 1320w\" sizes=\"(max-width: 300px) 100vw, 300px\" style=\"width:100%;height:100%;max-width:2560px\" \/>\t\t\t\t\t\t\t\t\t\t\t\t\t<\/div>\n\t\t\t\t<\/div>\n\t\t\t\t<\/div>\n\t\t<div class=\"elementor-element elementor-element-3dff9ae e-con-full e-flex e-con e-child\" data-id=\"3dff9ae\" data-element_type=\"container\">\n\t\t\t\t<div class=\"elementor-element elementor-element-0819c59 elementor-widget elementor-widget-image\" data-id=\"0819c59\" data-element_type=\"widget\" data-widget_type=\"image.default\">\n\t\t\t\t<div class=\"elementor-widget-container\">\n\t\t\t\t\t\t\t\t\t\t\t\t\t<img decoding=\"async\" width=\"300\" height=\"300\" src=\"https:\/\/flodesaintbau.fr\/wp-content\/uploads\/2024\/05\/20240530_202832-300x300.jpg\" class=\"attachment-medium size-medium wp-image-1168\" alt=\"\" srcset=\"https:\/\/flodesaintbau.fr\/wp-content\/uploads\/2024\/05\/20240530_202832-300x300.jpg 300w, https:\/\/flodesaintbau.fr\/wp-content\/uploads\/2024\/05\/20240530_202832-1024x1024.jpg 1024w, https:\/\/flodesaintbau.fr\/wp-content\/uploads\/2024\/05\/20240530_202832-150x150.jpg 150w, https:\/\/flodesaintbau.fr\/wp-content\/uploads\/2024\/05\/20240530_202832-768x768.jpg 768w, https:\/\/flodesaintbau.fr\/wp-content\/uploads\/2024\/05\/20240530_202832-1536x1536.jpg 1536w, https:\/\/flodesaintbau.fr\/wp-content\/uploads\/2024\/05\/20240530_202832-2048x2048.jpg 2048w, https:\/\/flodesaintbau.fr\/wp-content\/uploads\/2024\/05\/20240530_202832-1568x1568.jpg 1568w, https:\/\/flodesaintbau.fr\/wp-content\/uploads\/2024\/05\/20240530_202832-1320x1320.jpg 1320w, https:\/\/flodesaintbau.fr\/wp-content\/uploads\/2024\/05\/20240530_202832-450x450.jpg 450w, https:\/\/flodesaintbau.fr\/wp-content\/uploads\/2024\/05\/20240530_202832-600x600.jpg 600w, https:\/\/flodesaintbau.fr\/wp-content\/uploads\/2024\/05\/20240530_202832-100x100.jpg 100w\" sizes=\"(max-width: 300px) 100vw, 300px\" style=\"width:100%;height:100%;max-width:2560px\" \/>\t\t\t\t\t\t\t\t\t\t\t\t\t<\/div>\n\t\t\t\t<\/div>\n\t\t\t\t<\/div>\n\t\t<div class=\"elementor-element elementor-element-2960615 e-con-full e-flex e-con e-child\" data-id=\"2960615\" data-element_type=\"container\">\n\t\t\t\t<div class=\"elementor-element elementor-element-e372522 elementor-widget elementor-widget-image\" data-id=\"e372522\" data-element_type=\"widget\" data-widget_type=\"image.default\">\n\t\t\t\t<div class=\"elementor-widget-container\">\n\t\t\t\t\t\t\t\t\t\t\t\t\t<img loading=\"lazy\" decoding=\"async\" width=\"300\" height=\"300\" src=\"https:\/\/flodesaintbau.fr\/wp-content\/uploads\/2024\/05\/20231231_092542-300x300.jpg\" class=\"attachment-medium size-medium wp-image-1137\" alt=\"\" srcset=\"https:\/\/flodesaintbau.fr\/wp-content\/uploads\/2024\/05\/20231231_092542-300x300.jpg 300w, https:\/\/flodesaintbau.fr\/wp-content\/uploads\/2024\/05\/20231231_092542-1024x1024.jpg 1024w, https:\/\/flodesaintbau.fr\/wp-content\/uploads\/2024\/05\/20231231_092542-150x150.jpg 150w, https:\/\/flodesaintbau.fr\/wp-content\/uploads\/2024\/05\/20231231_092542-768x768.jpg 768w, https:\/\/flodesaintbau.fr\/wp-content\/uploads\/2024\/05\/20231231_092542-1536x1536.jpg 1536w, https:\/\/flodesaintbau.fr\/wp-content\/uploads\/2024\/05\/20231231_092542-2048x2048.jpg 2048w, https:\/\/flodesaintbau.fr\/wp-content\/uploads\/2024\/05\/20231231_092542-1568x1568.jpg 1568w, https:\/\/flodesaintbau.fr\/wp-content\/uploads\/2024\/05\/20231231_092542-1320x1320.jpg 1320w, https:\/\/flodesaintbau.fr\/wp-content\/uploads\/2024\/05\/20231231_092542-450x450.jpg 450w, https:\/\/flodesaintbau.fr\/wp-content\/uploads\/2024\/05\/20231231_092542-600x600.jpg 600w, https:\/\/flodesaintbau.fr\/wp-content\/uploads\/2024\/05\/20231231_092542-100x100.jpg 100w\" sizes=\"(max-width: 300px) 100vw, 300px\" style=\"width:100%;height:100%;max-width:2560px\" \/>\t\t\t\t\t\t\t\t\t\t\t\t\t<\/div>\n\t\t\t\t<\/div>\n\t\t\t\t<\/div>\n\t\t\t\t\t<\/div>\n\t\t\t\t<\/div>\n\t\t<div class=\"elementor-element elementor-element-4a0cff5 e-grid e-con-boxed e-con e-parent\" data-id=\"4a0cff5\" data-element_type=\"container\">\n\t\t\t\t\t<div class=\"e-con-inner\">\n\t\t\t\t<div class=\"elementor-element elementor-element-4857806 elementor-widget elementor-widget-text-editor\" data-id=\"4857806\" data-element_type=\"widget\" data-widget_type=\"text-editor.default\">\n\t\t\t\t<div class=\"elementor-widget-container\">\n\t\t\t\t\t\t\t<p>Pochette pour t\u00e9l\u00e9phone portable et papiers en toile \u00e0 sac &#8211; <a href=\"https:\/\/www.facebook.com\/flo.de.saint.bau.couture\/posts\/pfbid02L3UuJxJtufFSys8HsawQ8Bm5e6pCcoqvAECKKuuwdLzaox18uzDqa51RYqNBDWiRl?locale=fr_FR\">Voir ici<\/a><\/p>\t\t\t\t\t\t<\/div>\n\t\t\t\t<\/div>\n\t\t\t\t\t<\/div>\n\t\t\t\t<\/div>\n\t\t<div class=\"elementor-element elementor-element-154b4e4 e-grid e-con-boxed e-con e-parent\" data-id=\"154b4e4\" data-element_type=\"container\">\n\t\t\t\t\t<div class=\"e-con-inner\">\n\t\t\t\t<div class=\"elementor-element elementor-element-fcc7691 elementor-widget elementor-widget-text-editor\" data-id=\"fcc7691\" data-element_type=\"widget\" data-widget_type=\"text-editor.default\">\n\t\t\t\t<div class=\"elementor-widget-container\">\n\t\t\t\t\t\t\t<p>Sac bandouli\u00e8re r\u00e9glable en velours c\u00f4tel\u00e9 vert amande avec doublure en tissu japonais &#8211; <a href=\"https:\/\/www.facebook.com\/photo\/?fbid=122168504282159919&amp;set=a.122097845294159919&amp;locale=fr_FR\">Voir ici<\/a><\/p>\t\t\t\t\t\t<\/div>\n\t\t\t\t<\/div>\n\t\t\t\t\t<\/div>\n\t\t\t\t<\/div>\n\t\t<div class=\"elementor-element elementor-element-925804a e-grid e-con-boxed e-con e-parent\" data-id=\"925804a\" data-element_type=\"container\">\n\t\t\t\t\t<div class=\"e-con-inner\">\n\t\t\t\t<div class=\"elementor-element elementor-element-bdc79cc elementor-widget elementor-widget-text-editor\" data-id=\"bdc79cc\" data-element_type=\"widget\" data-widget_type=\"text-editor.default\">\n\t\t\t\t<div class=\"elementor-widget-container\">\n\t\t\t\t\t\t\t<p>Tote Bag en toile d&rsquo;ameublement bordeaux , doubl\u00e9, avec poche zipp\u00e9 int\u00e9rieure &#8211; <a href=\"https:\/\/www.facebook.com\/photo\/?fbid=122155545074159919&amp;set=pcb.122155545188159919\">voir ici<\/a><\/p>\t\t\t\t\t\t<\/div>\n\t\t\t\t<\/div>\n\t\t\t\t\t<\/div>\n\t\t\t\t<\/div>\n\t\t<div class=\"elementor-element elementor-element-1bcc840 e-grid e-con-boxed e-con e-parent\" data-id=\"1bcc840\" data-element_type=\"container\">\n\t\t\t\t\t<div class=\"e-con-inner\">\n\t\t\t\t<div class=\"elementor-element elementor-element-8df9cf1 elementor-widget elementor-widget-text-editor\" data-id=\"8df9cf1\" data-element_type=\"widget\" data-widget_type=\"text-editor.default\">\n\t\t\t\t<div class=\"elementor-widget-container\">\n\t\t\t\t\t\t\t<p>Sac \u00e0 dos multi-poches &#8211; patron sac Iroko de l&rsquo;Atelier Oph\u00e9a<\/p><p><a href=\"https:\/\/www.facebook.com\/photo\/?fbid=122155545116159919&amp;set=pcb.122155545188159919\">voir ici<\/a><\/p>\t\t\t\t\t\t<\/div>\n\t\t\t\t<\/div>\n\t\t\t\t\t<\/div>\n\t\t\t\t<\/div>\n\t\t<div class=\"elementor-element elementor-element-1f05b70 e-grid e-con-boxed e-con e-parent\" data-id=\"1f05b70\" data-element_type=\"container\">\n\t\t\t\t\t<div class=\"e-con-inner\">\n\t\t\t\t<div class=\"elementor-element elementor-element-c534d59 elementor-widget elementor-widget-text-editor\" data-id=\"c534d59\" data-element_type=\"widget\" data-widget_type=\"text-editor.default\">\n\t\t\t\t<div class=\"elementor-widget-container\">\n\t\t\t\t\t\t\t<p>Sac pour petite fille d&rsquo;honneur &#8211; <a href=\"https:\/\/www.facebook.com\/photo?fbid=122161031732159919&amp;set=a.122097845294159919\">voir ici<\/a><\/p>\t\t\t\t\t\t<\/div>\n\t\t\t\t<\/div>\n\t\t\t\t\t<\/div>\n\t\t\t\t<\/div>\n\t\t<div class=\"elementor-element elementor-element-8afb39e e-grid e-con-boxed e-con e-parent\" data-id=\"8afb39e\" data-element_type=\"container\">\n\t\t\t\t\t<div class=\"e-con-inner\">\n\t\t\t\t<div class=\"elementor-element elementor-element-ae96f15 elementor-widget elementor-widget-text-editor\" data-id=\"ae96f15\" data-element_type=\"widget\" data-widget_type=\"text-editor.default\">\n\t\t\t\t<div class=\"elementor-widget-container\">\n\t\t\t\t\t\t\t<p>Sacoche d&rsquo;ordinateur et porte monnaie &#8211;<a href=\"https:\/\/www.facebook.com\/flo.de.saint.bau.couture\/posts\/pfbid02dDNM75jiiCbTviCnUZMDUABdDSNpP2Sk2LSSey9cZCExGJAUXJwXY5CLffrTJd6Kl?locale=fr_FR\">\u00a0voir ici<\/a><\/p>\t\t\t\t\t\t<\/div>\n\t\t\t\t<\/div>\n\t\t\t\t\t<\/div>\n\t\t\t\t<\/div>\n\t\t<div class=\"elementor-element elementor-element-73b6f4a e-grid e-con-boxed e-con e-parent\" data-id=\"73b6f4a\" data-element_type=\"container\">\n\t\t\t\t\t<div class=\"e-con-inner\">\n\t\t\t\t<div class=\"elementor-element elementor-element-0bb0f3a elementor-widget elementor-widget-text-editor\" data-id=\"0bb0f3a\" data-element_type=\"widget\" data-widget_type=\"text-editor.default\">\n\t\t\t\t<div class=\"elementor-widget-container\">\n\t\t\t\t\t\t\t<p>Sac \u00e0 dos en simili cuir et li\u00e8ge de luxe &#8211; <a href=\"https:\/\/www.facebook.com\/flo.de.saint.bau.couture\/posts\/pfbid02QUnGdg71zD69U4Q5eT5EwL6hHP6CEDuLqRsgSumFcrMWEZFtKBEHRaAYQf6j1xQ5l?locale=fr_FR\">Voir ici<\/a><\/p>\t\t\t\t\t\t<\/div>\n\t\t\t\t<\/div>\n\t\t\t\t\t<\/div>\n\t\t\t\t<\/div>\n\t\t\t\t<\/div>\n\t\t","protected":false},"excerpt":{"rendered":"<p>Un sac vous a plu sur le site, mais vous aimeriez quelques modifications, ou des couleurs diff\u00e9rentes. Vous avez une id\u00e9e bien pr\u00e9cise de ce que vous voulez ou pas du tout. Vous aimeriez un sac pour une occasion bien particuli\u00e8re. N&rsquo;h\u00e9sitez pas \u00e0 me contacter pour que nous en discutions.\u00a0 Je r\u00e9aliserai votre commande&hellip; <a class=\"more-link\" href=\"https:\/\/flodesaintbau.fr\/index.php\/sur-commande\/\">Poursuivre la lecture <span class=\"screen-reader-text\">Sur Commande<\/span><\/a><\/p>\n","protected":false},"author":1,"featured_media":0,"parent":0,"menu_order":0,"comment_status":"closed","ping_status":"closed","template":"","meta":{"footnotes":""},"class_list":["post-375","page","type-page","status-publish","hentry","entry"],"jetpack_sharing_enabled":true,"_links":{"self":[{"href":"https:\/\/flodesaintbau.fr\/index.php\/wp-json\/wp\/v2\/pages\/375","targetHints":{"allow":["GET"]}}],"collection":[{"href":"https:\/\/flodesaintbau.fr\/index.php\/wp-json\/wp\/v2\/pages"}],"about":[{"href":"https:\/\/flodesaintbau.fr\/index.php\/wp-json\/wp\/v2\/types\/page"}],"author":[{"embeddable":true,"href":"https:\/\/flodesaintbau.fr\/index.php\/wp-json\/wp\/v2\/users\/1"}],"replies":[{"embeddable":true,"href":"https:\/\/flodesaintbau.fr\/index.php\/wp-json\/wp\/v2\/comments?post=375"}],"version-history":[{"count":131,"href":"https:\/\/flodesaintbau.fr\/index.php\/wp-json\/wp\/v2\/pages\/375\/revisions"}],"predecessor-version":[{"id":2210,"href":"https:\/\/flodesaintbau.fr\/index.php\/wp-json\/wp\/v2\/pages\/375\/revisions\/2210"}],"wp:attachment":[{"href":"https:\/\/flodesaintbau.fr\/index.php\/wp-json\/wp\/v2\/media?parent=375"}],"curies":[{"name":"wp","href":"https:\/\/api.w.org\/{rel}","templated":true}]}}